{"id":7,"date":"2025-09-12T06:23:57","date_gmt":"2025-09-12T06:23:57","guid":{"rendered":"https:\/\/china5axiscncrouter.com\/?page_id=7"},"modified":"2026-04-08T06:59:17","modified_gmt":"2026-04-08T06:59:17","slug":"about","status":"publish","type":"page","link":"https:\/\/china5axiscncrouter.com\/cs\/about\/","title":{"rendered":"O"},"content":{"rendered":"<div data-elementor-type=\"wp-post\" data-elementor-id=\"7\" class=\"elementor elementor-7\" data-elementor-settings=\"{&quot;ha_cmc_init_switcher&quot;:&quot;no&quot;}\" data-elementor-post-type=\"page\">\n\t\t\t\t<div class=\"elementor-element elementor-element-qw75prn e-flex e-con-boxed e-con e-parent\" data-id=\"qw75prn\" data-element_type=\"container\" data-settings=\"{&quot;background_background&quot;:&quot;classic&quot;,&quot;_ha_eqh_enable&quot;:false}\">\n\t\t\t\t\t<div class=\"e-con-inner\">\n\t\t<div class=\"elementor-element elementor-element-dd2a58a e-con-full e-flex e-con e-child\" data-id=\"dd2a58a\" data-element_type=\"container\" data-settings=\"{&quot;_ha_eqh_enable&quot;:false}\">\n\t\t\t\t<div class=\"elementor-element elementor-element-95f7e53 elementor-widget elementor-widget-heading\" data-id=\"95f7e53\" data-element_type=\"widget\" data-widget_type=\"heading.default\">\n\t\t\t\t\t<h1 class=\"elementor-heading-title elementor-size-default\">O n\u00e1s | \u010c\u00ednsk\u00fd 5os\u00fd CNC router<\/h1>\t\t\t\t<\/div>\n\t\t<div class=\"elementor-element elementor-element-d6f7a5d e-con-full e-flex e-con e-child\" data-id=\"d6f7a5d\" data-element_type=\"container\" data-settings=\"{&quot;_ha_eqh_enable&quot;:false}\">\n\t\t\t\t<div class=\"elementor-element elementor-element-159b086 elementor-widget elementor-widget-heading\" data-id=\"159b086\" data-element_type=\"widget\" data-widget_type=\"heading.default\">\n\t\t\t\t\t<h2 class=\"elementor-heading-title elementor-size-default\">P\u0159edn\u00ed v\u00fdrobce 5os\u00fdch CNC fr\u00e9zek v \u010c\u00edn\u011b<\/h2>\t\t\t\t<\/div>\n\t\t\t\t<\/div>\n\t\t<div class=\"elementor-element elementor-element-50f250d e-con-full e-flex e-con e-child\" data-id=\"50f250d\" data-element_type=\"container\" data-settings=\"{&quot;_ha_eqh_enable&quot;:false}\">\n\t\t\t\t<div class=\"elementor-element elementor-element-247a90b elementor-widget elementor-widget-text-editor\" data-id=\"247a90b\" data-element_type=\"widget\" data-widget_type=\"text-editor.default\">\n\t\t\t\t\t\t\t\t\t<p data-start=\"410\" data-end=\"792\">V\u00edtejte v <strong data-start=\"421\" data-end=\"448\">\u010c\u00edna 5os\u00fd CNC router<\/strong>, divize <strong data-start=\"464\" data-end=\"503\">Jinan Extra CNC Equipment Co., Ltd.<\/strong>, profesion\u00e1ln\u00ed v\u00fdrobce CNC stroj\u016f s v\u00edce ne\u017e 15 lety zku\u0161enost\u00ed v oblasti technologi\u00ed p\u0159esn\u00e9ho obr\u00e1b\u011bn\u00ed.<br data-start=\"612\" data-end=\"615\" \/>Specializujeme se na n\u00e1vrh a v\u00fdrobu <strong data-start=\"660\" data-end=\"699\">vysoce v\u00fdkonn\u00e9 5os\u00e9 CNC fr\u00e9zky<\/strong> pro <strong data-start=\"704\" data-end=\"789\">leteck\u00fd, automobilov\u00fd, n\u00e1mo\u0159n\u00ed, v\u00fdrobn\u00ed, d\u0159evozpracuj\u00edc\u00ed a kompozitn\u00ed pr\u016fmysl<\/strong>.<\/p>\t\t\t\t\t\t\t\t<\/div>\n\t\t\t\t<\/div>\n\t\t\t\t<\/div>\n\t\t\t\t\t<\/div>\n\t\t\t\t<\/div>\n\t\t<div class=\"elementor-element elementor-element-9p9d9l7 e-flex e-con-boxed e-con e-parent\" data-id=\"9p9d9l7\" data-element_type=\"container\" data-settings=\"{&quot;_ha_eqh_enable&quot;:false}\">\n\t\t\t\t\t<div class=\"e-con-inner\">\n\t\t<div class=\"elementor-element elementor-element-a2d8272 e-con-full e-flex e-con e-child\" data-id=\"a2d8272\" data-element_type=\"container\" data-settings=\"{&quot;_ha_eqh_enable&quot;:false}\">\n\t\t\t\t<div class=\"elementor-element elementor-element-8b8ba0f elementor-widget elementor-widget-image\" data-id=\"8b8ba0f\" data-element_type=\"widget\" data-widget_type=\"image.default\">\n\t\t\t\t\t\t\t\t\t\t\t\t\t\t\t<img fetchpriority=\"high\" decoding=\"async\" width=\"1024\" height=\"1024\" src=\"https:\/\/china5axiscncrouter.com\/wp-content\/uploads\/2025\/10\/5-Axis-Router-in-Workshop-1.png\" class=\"attachment-large size-large wp-image-290\" alt=\"\" srcset=\"https:\/\/china5axiscncrouter.com\/wp-content\/uploads\/2025\/10\/5-Axis-Router-in-Workshop-1.png 1024w, https:\/\/china5axiscncrouter.com\/wp-content\/uploads\/2025\/10\/5-Axis-Router-in-Workshop-1-300x300.png 300w, https:\/\/china5axiscncrouter.com\/wp-content\/uploads\/2025\/10\/5-Axis-Router-in-Workshop-1-150x150.png 150w, https:\/\/china5axiscncrouter.com\/wp-content\/uploads\/2025\/10\/5-Axis-Router-in-Workshop-1-768x768.png 768w, https:\/\/china5axiscncrouter.com\/wp-content\/uploads\/2025\/10\/5-Axis-Router-in-Workshop-1-12x12.png 12w\" sizes=\"(max-width: 1024px) 100vw, 1024px\" \/>\t\t\t\t\t\t\t\t\t\t\t\t\t\t\t<\/div>\n\t\t\t\t<\/div>\n\t\t<div class=\"elementor-element elementor-element-c75e9dd e-con-full e-flex e-con e-child\" data-id=\"c75e9dd\" data-element_type=\"container\" data-settings=\"{&quot;_ha_eqh_enable&quot;:false}\">\n\t\t\t\t<div class=\"elementor-element elementor-element-b9efede elementor-widget elementor-widget-heading\" data-id=\"b9efede\" data-element_type=\"widget\" data-widget_type=\"heading.default\">\n\t\t\t\t\t<h2 class=\"elementor-heading-title elementor-size-default\">Kdo jsme<\/h2>\t\t\t\t<\/div>\n\t\t\t\t<div class=\"elementor-element elementor-element-19c1dac elementor-widget elementor-widget-text-editor\" data-id=\"19c1dac\" data-element_type=\"widget\" data-widget_type=\"text-editor.default\">\n\t\t\t\t\t\t\t\t\t<p data-start=\"818\" data-end=\"1185\">V \u010d\u00ednsk\u00e9m 5os\u00e9m CNC routeru se v\u011bnujeme poskytov\u00e1n\u00ed <strong data-start=\"876\" data-end=\"927\">inovativn\u00ed a spolehliv\u00e1 \u0159e\u0161en\u00ed CNC obr\u00e1b\u011bn\u00ed<\/strong> kter\u00e9 pom\u00e1haj\u00ed glob\u00e1ln\u00edm v\u00fdrobc\u016fm zlep\u0161it efektivitu a kvalitu produkt\u016f.<br data-start=\"998\" data-end=\"1001\" \/>Na\u0161e tov\u00e1rna se nach\u00e1z\u00ed v \u010d\u00ednsk\u00e9m m\u011bst\u011b Jinan \u2013 srdci pr\u016fmyslu CNC obr\u00e1b\u011bn\u00ed \u2013 a je vybavena modern\u00edmi v\u00fdrobn\u00edmi linkami, zku\u0161en\u00fdmi in\u017een\u00fdry a p\u0159\u00edsn\u00fdmi syst\u00e9my kontroly kvality.<\/p>\t\t\t\t\t\t\t\t<\/div>\n\t\t\t\t<\/div>\n\t\t\t\t\t<\/div>\n\t\t\t\t<\/div>\n\t\t<div class=\"elementor-element elementor-element-69f8066 e-flex e-con-boxed e-con e-parent\" data-id=\"69f8066\" data-element_type=\"container\" data-settings=\"{&quot;_ha_eqh_enable&quot;:false}\">\n\t\t\t\t\t<div class=\"e-con-inner\">\n\t\t<div class=\"elementor-element elementor-element-8c7aa28 e-con-full e-flex e-con e-child\" data-id=\"8c7aa28\" data-element_type=\"container\" data-settings=\"{&quot;_ha_eqh_enable&quot;:false}\">\n\t\t\t\t<div class=\"elementor-element elementor-element-17d78e0 elementor-widget elementor-widget-heading\" data-id=\"17d78e0\" data-element_type=\"widget\" data-widget_type=\"heading.default\">\n\t\t\t\t\t<h2 class=\"elementor-heading-title elementor-size-default\">Co d\u011bl\u00e1me<\/h2>\t\t\t\t<\/div>\n\t\t\t\t<div class=\"elementor-element elementor-element-04295d3 elementor-widget elementor-widget-text-editor\" data-id=\"04295d3\" data-element_type=\"widget\" data-widget_type=\"text-editor.default\">\n\t\t\t\t\t\t\t\t\t<p data-start=\"1211\" data-end=\"1280\">Nab\u00edz\u00edme kompletn\u00ed sortiment <strong data-start=\"1236\" data-end=\"1266\">5os\u00e9 CNC fr\u00e9zky<\/strong>, v\u010detn\u011b:<\/p><ul><li><strong data-start=\"1283\" data-end=\"1316\">5os\u00fd CNC router typu most<\/strong> \u2013 ide\u00e1ln\u00ed pro velk\u00e9 leteck\u00e9 a n\u00e1mo\u0159n\u00ed komponenty.<\/li><li><strong data-start=\"1372\" data-end=\"1405\">Port\u00e1lov\u00fd 5os\u00fd CNC router<\/strong> \u2013 vyrobeno pro p\u0159esn\u00e9 obr\u00e1b\u011bn\u00ed forem a automobilov\u00fdch d\u00edl\u016f.<\/li><li><strong data-start=\"1469\" data-end=\"1501\">Typ stolu 5os\u00fd CNC router<\/strong> \u2013 vhodn\u00e9 pro kompaktn\u00ed, vysoce p\u0159esn\u00e9 pr\u016fmyslov\u00e9 aplikace.<\/li><\/ul><p data-start=\"1569\" data-end=\"1758\">Na\u0161e stroje jsou navr\u017eeny pro <strong data-start=\"1599\" data-end=\"1667\">vysok\u00e1 p\u0159esnost, hladk\u00fd povrch a dlouhodob\u00e1 stabilita<\/strong>, schopn\u00fd obr\u00e1b\u011bt hlin\u00edkov\u00e9 slitiny, uhl\u00edkov\u00e1 vl\u00e1kna, d\u0159evo, p\u011bnu a kompozitn\u00ed materi\u00e1ly.<\/p>\t\t\t\t\t\t\t\t<\/div>\n\t\t\t\t<\/div>\n\t\t<div class=\"elementor-element elementor-element-51af7aa e-con-full e-flex e-con e-child\" data-id=\"51af7aa\" data-element_type=\"container\" data-settings=\"{&quot;_ha_eqh_enable&quot;:false}\">\n\t\t\t\t<div class=\"elementor-element elementor-element-9827df4 elementor-widget elementor-widget-image\" data-id=\"9827df4\" data-element_type=\"widget\" data-widget_type=\"image.default\">\n\t\t\t\t\t\t\t\t\t\t\t\t\t\t\t<img decoding=\"async\" width=\"1000\" height=\"1000\" src=\"https:\/\/china5axiscncrouter.com\/wp-content\/uploads\/2025\/10\/5-axis-Machining-workshop.jpg\" class=\"attachment-large size-large wp-image-292\" alt=\"5os\u00e1 obr\u00e1b\u011bc\u00ed d\u00edlna\" srcset=\"https:\/\/china5axiscncrouter.com\/wp-content\/uploads\/2025\/10\/5-axis-Machining-workshop.jpg 1000w, https:\/\/china5axiscncrouter.com\/wp-content\/uploads\/2025\/10\/5-axis-Machining-workshop-300x300.jpg 300w, https:\/\/china5axiscncrouter.com\/wp-content\/uploads\/2025\/10\/5-axis-Machining-workshop-150x150.jpg 150w, https:\/\/china5axiscncrouter.com\/wp-content\/uploads\/2025\/10\/5-axis-Machining-workshop-768x768.jpg 768w, https:\/\/china5axiscncrouter.com\/wp-content\/uploads\/2025\/10\/5-axis-Machining-workshop-12x12.jpg 12w\" sizes=\"(max-width: 1000px) 100vw, 1000px\" \/>\t\t\t\t\t\t\t\t\t\t\t\t\t\t\t<\/div>\n\t\t\t\t<\/div>\n\t\t\t\t\t<\/div>\n\t\t\t\t<\/div>\n\t\t<div class=\"elementor-element elementor-element-a26cfe7 e-flex e-con-boxed e-con e-parent\" data-id=\"a26cfe7\" data-element_type=\"container\" data-settings=\"{&quot;_ha_eqh_enable&quot;:false}\">\n\t\t\t\t\t<div class=\"e-con-inner\">\n\t\t<div class=\"elementor-element elementor-element-e0417bb e-con-full e-flex e-con e-child\" data-id=\"e0417bb\" data-element_type=\"container\" data-settings=\"{&quot;_ha_eqh_enable&quot;:false}\">\n\t\t\t\t<div class=\"elementor-element elementor-element-9d230fb elementor-widget elementor-widget-image\" data-id=\"9d230fb\" data-element_type=\"widget\" data-widget_type=\"image.default\">\n\t\t\t\t\t\t\t\t\t\t\t\t\t\t\t<img decoding=\"async\" width=\"1024\" height=\"1024\" src=\"https:\/\/china5axiscncrouter.com\/wp-content\/uploads\/2025\/10\/Workshop-Production-Scene.jpg\" class=\"attachment-large size-large wp-image-296\" alt=\"Prod\u00e1m 5os\u00fd cnc router\" srcset=\"https:\/\/china5axiscncrouter.com\/wp-content\/uploads\/2025\/10\/Workshop-Production-Scene.jpg 1024w, https:\/\/china5axiscncrouter.com\/wp-content\/uploads\/2025\/10\/Workshop-Production-Scene-300x300.jpg 300w, https:\/\/china5axiscncrouter.com\/wp-content\/uploads\/2025\/10\/Workshop-Production-Scene-150x150.jpg 150w, https:\/\/china5axiscncrouter.com\/wp-content\/uploads\/2025\/10\/Workshop-Production-Scene-768x768.jpg 768w, https:\/\/china5axiscncrouter.com\/wp-content\/uploads\/2025\/10\/Workshop-Production-Scene-12x12.jpg 12w\" sizes=\"(max-width: 1024px) 100vw, 1024px\" \/>\t\t\t\t\t\t\t\t\t\t\t\t\t\t\t<\/div>\n\t\t\t\t<\/div>\n\t\t<div class=\"elementor-element elementor-element-164e18d e-con-full e-flex e-con e-child\" data-id=\"164e18d\" data-element_type=\"container\" data-settings=\"{&quot;_ha_eqh_enable&quot;:false}\">\n\t\t\t\t<div class=\"elementor-element elementor-element-8da91e0 elementor-widget elementor-widget-heading\" data-id=\"8da91e0\" data-element_type=\"widget\" data-widget_type=\"heading.default\">\n\t\t\t\t\t<h2 class=\"elementor-heading-title elementor-size-default\">Na\u0161e posl\u00e1n\u00ed<\/h2>\t\t\t\t<\/div>\n\t\t\t\t<div class=\"elementor-element elementor-element-d172f49 elementor-widget elementor-widget-text-editor\" data-id=\"d172f49\" data-element_type=\"widget\" data-widget_type=\"text-editor.default\">\n\t\t\t\t\t\t\t\t\t<p data-start=\"1785\" data-end=\"1888\">Na\u0161\u00edm posl\u00e1n\u00edm je st\u00e1t se va\u0161\u00edm <strong data-start=\"1815\" data-end=\"1871\">d\u016fv\u011bryhodn\u00fd partner pro pokro\u010dilou 5osou CNC v\u00fdrobu<\/strong> dod\u00e1n\u00edm:<\/p><ul><li data-start=\"1891\" data-end=\"1925\"><strong data-start=\"1891\" data-end=\"1923\">Vysoce p\u0159esn\u00e1 CNC \u0159e\u0161en\u00ed<\/strong><\/li><li data-start=\"1928\" data-end=\"1983\"><strong data-start=\"1928\" data-end=\"1981\">Spolehliv\u00fd v\u00fdkon a glob\u00e1ln\u00ed technick\u00e1 podpora<\/strong><\/li><li data-start=\"1986\" data-end=\"2041\"><strong data-start=\"1986\" data-end=\"2039\">Zak\u00e1zkov\u00e1 konstrukce stroj\u016f pro specifick\u00e1 odv\u011btv\u00ed<\/strong><\/li><\/ul>\t\t\t\t\t\t\t\t<\/div>\n\t\t\t\t<\/div>\n\t\t\t\t\t<\/div>\n\t\t\t\t<\/div>\n\t\t<div class=\"elementor-element elementor-element-b7d5a11 e-flex e-con-boxed e-con e-parent\" data-id=\"b7d5a11\" data-element_type=\"container\" data-settings=\"{&quot;_ha_eqh_enable&quot;:false}\">\n\t\t\t\t\t<div class=\"e-con-inner\">\n\t\t<div class=\"elementor-element elementor-element-97c4d8b e-con-full e-flex e-con e-child\" data-id=\"97c4d8b\" data-element_type=\"container\" data-settings=\"{&quot;_ha_eqh_enable&quot;:false}\">\n\t\t\t\t<div class=\"elementor-element elementor-element-9daa397 elementor-widget elementor-widget-heading\" data-id=\"9daa397\" data-element_type=\"widget\" data-widget_type=\"heading.default\">\n\t\t\t\t\t<h2 class=\"elementor-heading-title elementor-size-default\">Pro\u010d si vybrat n\u00e1s<\/h2>\t\t\t\t<\/div>\n\t\t\t\t<div class=\"elementor-element elementor-element-a807254 elementor-widget elementor-widget-text-editor\" data-id=\"a807254\" data-element_type=\"widget\" data-widget_type=\"text-editor.default\">\n\t\t\t\t\t\t\t\t\t<ul><li>15+ let zku\u0161enost\u00ed s CNC v\u00fdrobou<\/li><li>Stroje s certifikac\u00ed CE, ISO a SGS<\/li><li>Glob\u00e1ln\u00ed export do v\u00edce ne\u017e 80 zem\u00ed<\/li><li>Online technick\u00e1 podpora 24\/7<\/li><li>K dispozici je slu\u017eba p\u0159izp\u016fsoben\u00ed OEM a ODM<\/li><\/ul>\t\t\t\t\t\t\t\t<\/div>\n\t\t\t\t<\/div>\n\t\t<div class=\"elementor-element elementor-element-d442c3c e-con-full e-flex e-con e-child\" data-id=\"d442c3c\" data-element_type=\"container\" data-settings=\"{&quot;_ha_eqh_enable&quot;:false}\">\n\t\t\t\t<div class=\"elementor-element elementor-element-5bc1a04 elementor-widget elementor-widget-image\" data-id=\"5bc1a04\" data-element_type=\"widget\" data-widget_type=\"image.default\">\n\t\t\t\t\t\t\t\t\t\t\t\t\t\t\t<img loading=\"lazy\" decoding=\"async\" width=\"1024\" height=\"1024\" src=\"https:\/\/china5axiscncrouter.com\/wp-content\/uploads\/2025\/10\/Auto-Model-Machining.jpg\" class=\"attachment-large size-large wp-image-297\" alt=\"Velk\u00e1 5os\u00e1 cnc fr\u00e9zka\" srcset=\"https:\/\/china5axiscncrouter.com\/wp-content\/uploads\/2025\/10\/Auto-Model-Machining.jpg 1024w, https:\/\/china5axiscncrouter.com\/wp-content\/uploads\/2025\/10\/Auto-Model-Machining-300x300.jpg 300w, https:\/\/china5axiscncrouter.com\/wp-content\/uploads\/2025\/10\/Auto-Model-Machining-150x150.jpg 150w, https:\/\/china5axiscncrouter.com\/wp-content\/uploads\/2025\/10\/Auto-Model-Machining-768x768.jpg 768w, https:\/\/china5axiscncrouter.com\/wp-content\/uploads\/2025\/10\/Auto-Model-Machining-12x12.jpg 12w\" sizes=\"(max-width: 1024px) 100vw, 1024px\" \/>\t\t\t\t\t\t\t\t\t\t\t\t\t\t\t<\/div>\n\t\t\t\t<\/div>\n\t\t\t\t\t<\/div>\n\t\t\t\t<\/div>\n\t\t<div class=\"elementor-element elementor-element-v5czr6g e-flex e-con-boxed e-con e-parent\" data-id=\"v5czr6g\" data-element_type=\"container\" data-settings=\"{&quot;background_background&quot;:&quot;classic&quot;,&quot;_ha_eqh_enable&quot;:false}\">\n\t\t\t\t\t<div class=\"e-con-inner\">\n\t\t<div class=\"elementor-element elementor-element-4579477 e-con-full e-flex e-con e-child\" data-id=\"4579477\" data-element_type=\"container\" data-settings=\"{&quot;_ha_eqh_enable&quot;:false}\">\n\t\t\t\t<div class=\"elementor-element elementor-element-5e07850 elementor-widget elementor-widget-heading\" data-id=\"5e07850\" data-element_type=\"widget\" data-widget_type=\"heading.default\">\n\t\t\t\t\t<h2 class=\"elementor-heading-title elementor-size-default\">Z\u00edskejte cenovou nab\u00eddku na va\u0161i 5osou CNC fr\u00e9zku<\/h2>\t\t\t\t<\/div>\n\t\t\t\t<div class=\"elementor-element elementor-element-d85ddd8 elementor-widget elementor-widget-text-editor\" data-id=\"d85ddd8\" data-element_type=\"widget\" data-widget_type=\"text-editor.default\">\n\t\t\t\t\t\t\t\t\t<div class=\"elementor-element elementor-element-766f4712 elementor-widget elementor-widget-text-editor\" data-id=\"766f4712\" data-element_type=\"widget\" data-widget_type=\"text-editor.default\"><div class=\"elementor-widget-container\"><p><span style=\"color: #ffffff;\"><strong data-start=\"430\" data-end=\"492\">Hled\u00e1te vysoce p\u0159esnou 5osou CNC fr\u00e9zku z \u010c\u00edny?<\/strong><\/span><br data-start=\"492\" data-end=\"495\" \/><span style=\"color: #ffffff;\">Na <em data-start=\"498\" data-end=\"523\">\u010c\u00edna 5os\u00fd CNC router<\/em>, poskytujeme zak\u00e1zkov\u00e1 CNC obr\u00e1b\u011bc\u00ed \u0159e\u0161en\u00ed pro leteck\u00fd, automobilov\u00fd a kompozitn\u00ed pr\u016fmysl.<\/span><br data-start=\"623\" data-end=\"626\" \/><span style=\"color: #ffffff;\">Z\u00edskejte je\u0161t\u011b dnes bezplatnou odbornou konzultaci a cenovou nab\u00eddku \u2013 bez z\u00e1vazk\u016f, pouze profesion\u00e1ln\u00ed poradenstv\u00ed.<\/span><\/p><\/div><\/div>\t\t\t\t\t\t\t\t<\/div>\n\t\t\t\t<div class=\"elementor-element elementor-element-b9ad847 elementor-align-center elementor-widget elementor-widget-button\" data-id=\"b9ad847\" data-element_type=\"widget\" data-widget_type=\"button.default\">\n\t\t\t\t\t\t\t\t\t\t<a class=\"elementor-button elementor-button-link elementor-size-sm\" href=\"#elementor-action:action=popup:open&settings=eyJpZCI6Ijg1IiwidG9nZ2xlIjpmYWxzZX0=\">\n\t\t\t\t\t\t<span class=\"elementor-button-content-wrapper\">\n\t\t\t\t\t\t\t\t\t<span class=\"elementor-button-text\">N\u00c1KUP <\/span>\n\t\t\t\t\t<\/span>\n\t\t\t\t\t<\/a>\n\t\t\t\t\t\t\t\t<\/div>\n\t\t\t\t<\/div>\n\t\t\t\t\t<\/div>\n\t\t\t\t<\/div>\n\t\t\t\t<\/div>","protected":false},"excerpt":{"rendered":"<p>O n\u00e1s | \u010c\u00ednsk\u00e1 5os\u00e1 CNC fr\u00e9zka P\u0159edn\u00ed v\u00fdrobce 5os\u00e9 CNC fr\u00e9zky v \u010c\u00edn\u011b V\u00edtejte v \u010c\u00edn\u011b 5 [\u2026]<\/p>","protected":false},"author":1,"featured_media":0,"parent":0,"menu_order":0,"comment_status":"closed","ping_status":"closed","template":"elementor_header_footer","meta":{"site-sidebar-layout":"no-sidebar","site-content-layout":"","ast-site-content-layout":"full-width-container","site-content-style":"default","site-sidebar-style":"default","ast-global-header-display":"","ast-banner-title-visibility":"","ast-main-header-display":"","ast-hfb-above-header-display":"","ast-hfb-below-header-display":"","ast-hfb-mobile-header-display":"","site-post-title":"","ast-breadcrumbs-content":"","ast-featured-img":"disabled","footer-sml-layout":"","theme-transparent-header-meta":"","adv-header-id-meta":"","stick-header-meta":"","header-above-stick-meta":"","header-main-stick-meta":"","header-below-stick-meta":"","astra-migrate-meta-layouts":"default","ast-page-background-enabled":"default","ast-page-background-meta":{"desktop":{"background-color":"var(--ast-global-color-5)","background-image":"","background-repeat":"repeat","background-position":"center center","background-size":"auto","background-attachment":"scroll","background-type":"","background-media":"","overlay-type":"","overlay-color":"","overlay-opacity":"","overlay-gradient":""},"tablet":{"background-color":"","background-image":"","background-repeat":"repeat","background-position":"center center","background-size":"auto","background-attachment":"scroll","background-type":"","background-media":"","overlay-type":"","overlay-color":"","overlay-opacity":"","overlay-gradient":""},"mobile":{"background-color":"","background-image":"","background-repeat":"repeat","background-position":"center center","background-size":"auto","background-attachment":"scroll","background-type":"","background-media":"","overlay-type":"","overlay-color":"","overlay-opacity":"","overlay-gradient":""}},"ast-content-background-meta":{"desktop":{"background-color":"var(--ast-global-color-4)","background-image":"","background-repeat":"repeat","background-position":"center center","background-size":"auto","background-attachment":"scroll","background-type":"","background-media":"","overlay-type":"","overlay-color":"","overlay-opacity":"","overlay-gradient":""},"tablet":{"background-color":"var(--ast-global-color-4)","background-image":"","background-repeat":"repeat","background-position":"center center","background-size":"auto","background-attachment":"scroll","background-type":"","background-media":"","overlay-type":"","overlay-color":"","overlay-opacity":"","overlay-gradient":""},"mobile":{"background-color":"var(--ast-global-color-4)","background-image":"","background-repeat":"repeat","background-position":"center center","background-size":"auto","background-attachment":"scroll","background-type":"","background-media":"","overlay-type":"","overlay-color":"","overlay-opacity":"","overlay-gradient":""}},"footnotes":""},"class_list":["post-7","page","type-page","status-publish","hentry"],"_links":{"self":[{"href":"https:\/\/china5axiscncrouter.com\/cs\/wp-json\/wp\/v2\/pages\/7","targetHints":{"allow":["GET"]}}],"collection":[{"href":"https:\/\/china5axiscncrouter.com\/cs\/wp-json\/wp\/v2\/pages"}],"about":[{"href":"https:\/\/china5axiscncrouter.com\/cs\/wp-json\/wp\/v2\/types\/page"}],"author":[{"embeddable":true,"href":"https:\/\/china5axiscncrouter.com\/cs\/wp-json\/wp\/v2\/users\/1"}],"replies":[{"embeddable":true,"href":"https:\/\/china5axiscncrouter.com\/cs\/wp-json\/wp\/v2\/comments?post=7"}],"version-history":[{"count":5,"href":"https:\/\/china5axiscncrouter.com\/cs\/wp-json\/wp\/v2\/pages\/7\/revisions"}],"predecessor-version":[{"id":1661,"href":"https:\/\/china5axiscncrouter.com\/cs\/wp-json\/wp\/v2\/pages\/7\/revisions\/1661"}],"wp:attachment":[{"href":"https:\/\/china5axiscncrouter.com\/cs\/wp-json\/wp\/v2\/media?parent=7"}],"curies":[{"name":"wp","href":"https:\/\/api.w.org\/{rel}","templated":true}]}}