{"id":7,"date":"2025-09-12T06:23:57","date_gmt":"2025-09-12T06:23:57","guid":{"rendered":"https:\/\/china5axiscncrouter.com\/?page_id=7"},"modified":"2026-04-08T06:59:17","modified_gmt":"2026-04-08T06:59:17","slug":"about","status":"publish","type":"page","link":"https:\/\/china5axiscncrouter.com\/de\/about\/","title":{"rendered":"Um"},"content":{"rendered":"<div data-elementor-type=\"wp-post\" data-elementor-id=\"7\" class=\"elementor elementor-7\" data-elementor-settings=\"{&quot;ha_cmc_init_switcher&quot;:&quot;no&quot;}\" data-elementor-post-type=\"page\">\n\t\t\t\t<div class=\"elementor-element elementor-element-qw75prn e-flex e-con-boxed e-con e-parent\" data-id=\"qw75prn\" data-element_type=\"container\" data-settings=\"{&quot;background_background&quot;:&quot;classic&quot;,&quot;_ha_eqh_enable&quot;:false}\">\n\t\t\t\t\t<div class=\"e-con-inner\">\n\t\t<div class=\"elementor-element elementor-element-dd2a58a e-con-full e-flex e-con e-child\" data-id=\"dd2a58a\" data-element_type=\"container\" data-settings=\"{&quot;_ha_eqh_enable&quot;:false}\">\n\t\t\t\t<div class=\"elementor-element elementor-element-95f7e53 elementor-widget elementor-widget-heading\" data-id=\"95f7e53\" data-element_type=\"widget\" data-widget_type=\"heading.default\">\n\t\t\t\t\t<h1 class=\"elementor-heading-title elementor-size-default\">\u00dcber uns | China 5-Achsen-CNC-Fr\u00e4ser<\/h1>\t\t\t\t<\/div>\n\t\t<div class=\"elementor-element elementor-element-d6f7a5d e-con-full e-flex e-con e-child\" data-id=\"d6f7a5d\" data-element_type=\"container\" data-settings=\"{&quot;_ha_eqh_enable&quot;:false}\">\n\t\t\t\t<div class=\"elementor-element elementor-element-159b086 elementor-widget elementor-widget-heading\" data-id=\"159b086\" data-element_type=\"widget\" data-widget_type=\"heading.default\">\n\t\t\t\t\t<h2 class=\"elementor-heading-title elementor-size-default\">F\u00fchrender Hersteller von 5-Achsen-CNC-Fr\u00e4sern in China<\/h2>\t\t\t\t<\/div>\n\t\t\t\t<\/div>\n\t\t<div class=\"elementor-element elementor-element-50f250d e-con-full e-flex e-con e-child\" data-id=\"50f250d\" data-element_type=\"container\" data-settings=\"{&quot;_ha_eqh_enable&quot;:false}\">\n\t\t\t\t<div class=\"elementor-element elementor-element-247a90b elementor-widget elementor-widget-text-editor\" data-id=\"247a90b\" data-element_type=\"widget\" data-widget_type=\"text-editor.default\">\n\t\t\t\t\t\t\t\t\t<p data-start=\"410\" data-end=\"792\">Willkommen bei <strong data-start=\"421\" data-end=\"448\">China 5-Achsen-CNC-Fr\u00e4ser<\/strong>, eine Abteilung von <strong data-start=\"464\" data-end=\"503\">Jinan Extra CNC-Ausr\u00fcstung Co., Ltd.<\/strong>, ein professioneller CNC-Maschinenhersteller mit \u00fcber 15 Jahren Erfahrung in der Pr\u00e4zisionsbearbeitungstechnologie.<br data-start=\"612\" data-end=\"615\" \/>Wir sind spezialisiert auf die Entwicklung und Herstellung <strong data-start=\"660\" data-end=\"699\">Hochleistungs-5-Achsen-CNC-Fr\u00e4ser<\/strong> f\u00fcr <strong data-start=\"704\" data-end=\"789\">Luft- und Raumfahrt, Automobilindustrie, Schifffahrt, Formenbau, Holzverarbeitung und Verbundwerkstoffindustrie<\/strong>.<\/p>\t\t\t\t\t\t\t\t<\/div>\n\t\t\t\t<\/div>\n\t\t\t\t<\/div>\n\t\t\t\t\t<\/div>\n\t\t\t\t<\/div>\n\t\t<div class=\"elementor-element elementor-element-9p9d9l7 e-flex e-con-boxed e-con e-parent\" data-id=\"9p9d9l7\" data-element_type=\"container\" data-settings=\"{&quot;_ha_eqh_enable&quot;:false}\">\n\t\t\t\t\t<div class=\"e-con-inner\">\n\t\t<div class=\"elementor-element elementor-element-a2d8272 e-con-full e-flex e-con e-child\" data-id=\"a2d8272\" data-element_type=\"container\" data-settings=\"{&quot;_ha_eqh_enable&quot;:false}\">\n\t\t\t\t<div class=\"elementor-element elementor-element-8b8ba0f elementor-widget elementor-widget-image\" data-id=\"8b8ba0f\" data-element_type=\"widget\" data-widget_type=\"image.default\">\n\t\t\t\t\t\t\t\t\t\t\t\t\t\t\t<img fetchpriority=\"high\" decoding=\"async\" width=\"1024\" height=\"1024\" src=\"https:\/\/china5axiscncrouter.com\/wp-content\/uploads\/2025\/10\/5-Axis-Router-in-Workshop-1.png\" class=\"attachment-large size-large wp-image-290\" alt=\"\" srcset=\"https:\/\/china5axiscncrouter.com\/wp-content\/uploads\/2025\/10\/5-Axis-Router-in-Workshop-1.png 1024w, https:\/\/china5axiscncrouter.com\/wp-content\/uploads\/2025\/10\/5-Axis-Router-in-Workshop-1-300x300.png 300w, https:\/\/china5axiscncrouter.com\/wp-content\/uploads\/2025\/10\/5-Axis-Router-in-Workshop-1-150x150.png 150w, https:\/\/china5axiscncrouter.com\/wp-content\/uploads\/2025\/10\/5-Axis-Router-in-Workshop-1-768x768.png 768w, https:\/\/china5axiscncrouter.com\/wp-content\/uploads\/2025\/10\/5-Axis-Router-in-Workshop-1-12x12.png 12w\" sizes=\"(max-width: 1024px) 100vw, 1024px\" \/>\t\t\t\t\t\t\t\t\t\t\t\t\t\t\t<\/div>\n\t\t\t\t<\/div>\n\t\t<div class=\"elementor-element elementor-element-c75e9dd e-con-full e-flex e-con e-child\" data-id=\"c75e9dd\" data-element_type=\"container\" data-settings=\"{&quot;_ha_eqh_enable&quot;:false}\">\n\t\t\t\t<div class=\"elementor-element elementor-element-b9efede elementor-widget elementor-widget-heading\" data-id=\"b9efede\" data-element_type=\"widget\" data-widget_type=\"heading.default\">\n\t\t\t\t\t<h2 class=\"elementor-heading-title elementor-size-default\">Wer wir sind<\/h2>\t\t\t\t<\/div>\n\t\t\t\t<div class=\"elementor-element elementor-element-19c1dac elementor-widget elementor-widget-text-editor\" data-id=\"19c1dac\" data-element_type=\"widget\" data-widget_type=\"text-editor.default\">\n\t\t\t\t\t\t\t\t\t<p data-start=\"818\" data-end=\"1185\">Bei China 5 Axis CNC Router sind wir bestrebt, <strong data-start=\"876\" data-end=\"927\">innovative und zuverl\u00e4ssige CNC-Bearbeitungsl\u00f6sungen<\/strong> die globalen Herstellern helfen, ihre Effizienz und Produktqualit\u00e4t zu verbessern.<br data-start=\"998\" data-end=\"1001\" \/>Unsere Fabrik befindet sich in Jinan, China \u2013 dem Herzen der CNC-Maschinenindustrie \u2013 und ist mit modernen Produktionslinien, erfahrenen Ingenieuren und strengen Qualit\u00e4tskontrollsystemen ausgestattet.<\/p>\t\t\t\t\t\t\t\t<\/div>\n\t\t\t\t<\/div>\n\t\t\t\t\t<\/div>\n\t\t\t\t<\/div>\n\t\t<div class=\"elementor-element elementor-element-69f8066 e-flex e-con-boxed e-con e-parent\" data-id=\"69f8066\" data-element_type=\"container\" data-settings=\"{&quot;_ha_eqh_enable&quot;:false}\">\n\t\t\t\t\t<div class=\"e-con-inner\">\n\t\t<div class=\"elementor-element elementor-element-8c7aa28 e-con-full e-flex e-con e-child\" data-id=\"8c7aa28\" data-element_type=\"container\" data-settings=\"{&quot;_ha_eqh_enable&quot;:false}\">\n\t\t\t\t<div class=\"elementor-element elementor-element-17d78e0 elementor-widget elementor-widget-heading\" data-id=\"17d78e0\" data-element_type=\"widget\" data-widget_type=\"heading.default\">\n\t\t\t\t\t<h2 class=\"elementor-heading-title elementor-size-default\">Was wir tun<\/h2>\t\t\t\t<\/div>\n\t\t\t\t<div class=\"elementor-element elementor-element-04295d3 elementor-widget elementor-widget-text-editor\" data-id=\"04295d3\" data-element_type=\"widget\" data-widget_type=\"text-editor.default\">\n\t\t\t\t\t\t\t\t\t<p data-start=\"1211\" data-end=\"1280\">Wir bieten eine vollst\u00e4ndige Palette von <strong data-start=\"1236\" data-end=\"1266\">5-Achsen-CNC-Fr\u00e4smaschinen<\/strong>, einschlie\u00dflich:<\/p><ul><li><strong data-start=\"1283\" data-end=\"1316\">Br\u00fcckentyp 5-Achsen-CNC-Fr\u00e4ser<\/strong> \u2013 ideal f\u00fcr gro\u00dfe Luft- und Raumfahrt- und Schiffskomponenten.<\/li><li><strong data-start=\"1372\" data-end=\"1405\">5-Achsen-CNC-Fr\u00e4ser vom Portaltyp<\/strong> \u2013 gebaut f\u00fcr die Pr\u00e4zisionsbearbeitung von Formen und Autoteilen.<\/li><li><strong data-start=\"1469\" data-end=\"1501\">Tischtyp 5-Achsen-CNC-Fr\u00e4ser<\/strong> \u2013 geeignet f\u00fcr kompakte, hochpr\u00e4zise Industrieanwendungen.<\/li><\/ul><p data-start=\"1569\" data-end=\"1758\">Unsere Maschinen sind konzipiert f\u00fcr <strong data-start=\"1599\" data-end=\"1667\">hohe Genauigkeit, glatte Oberfl\u00e4chenbeschaffenheit und Langzeitstabilit\u00e4t<\/strong>, in der Lage, Aluminiumlegierungen, Kohlefasern, Holz, Schaumstoff und Verbundwerkstoffe zu bearbeiten.<\/p>\t\t\t\t\t\t\t\t<\/div>\n\t\t\t\t<\/div>\n\t\t<div class=\"elementor-element elementor-element-51af7aa e-con-full e-flex e-con e-child\" data-id=\"51af7aa\" data-element_type=\"container\" data-settings=\"{&quot;_ha_eqh_enable&quot;:false}\">\n\t\t\t\t<div class=\"elementor-element elementor-element-9827df4 elementor-widget elementor-widget-image\" data-id=\"9827df4\" data-element_type=\"widget\" data-widget_type=\"image.default\">\n\t\t\t\t\t\t\t\t\t\t\t\t\t\t\t<img decoding=\"async\" width=\"1000\" height=\"1000\" src=\"https:\/\/china5axiscncrouter.com\/wp-content\/uploads\/2025\/10\/5-axis-Machining-workshop.jpg\" class=\"attachment-large size-large wp-image-292\" alt=\"5-Achsen-Bearbeitungswerkstatt\" srcset=\"https:\/\/china5axiscncrouter.com\/wp-content\/uploads\/2025\/10\/5-axis-Machining-workshop.jpg 1000w, https:\/\/china5axiscncrouter.com\/wp-content\/uploads\/2025\/10\/5-axis-Machining-workshop-300x300.jpg 300w, https:\/\/china5axiscncrouter.com\/wp-content\/uploads\/2025\/10\/5-axis-Machining-workshop-150x150.jpg 150w, https:\/\/china5axiscncrouter.com\/wp-content\/uploads\/2025\/10\/5-axis-Machining-workshop-768x768.jpg 768w, https:\/\/china5axiscncrouter.com\/wp-content\/uploads\/2025\/10\/5-axis-Machining-workshop-12x12.jpg 12w\" sizes=\"(max-width: 1000px) 100vw, 1000px\" \/>\t\t\t\t\t\t\t\t\t\t\t\t\t\t\t<\/div>\n\t\t\t\t<\/div>\n\t\t\t\t\t<\/div>\n\t\t\t\t<\/div>\n\t\t<div class=\"elementor-element elementor-element-a26cfe7 e-flex e-con-boxed e-con e-parent\" data-id=\"a26cfe7\" data-element_type=\"container\" data-settings=\"{&quot;_ha_eqh_enable&quot;:false}\">\n\t\t\t\t\t<div class=\"e-con-inner\">\n\t\t<div class=\"elementor-element elementor-element-e0417bb e-con-full e-flex e-con e-child\" data-id=\"e0417bb\" data-element_type=\"container\" data-settings=\"{&quot;_ha_eqh_enable&quot;:false}\">\n\t\t\t\t<div class=\"elementor-element elementor-element-9d230fb elementor-widget elementor-widget-image\" data-id=\"9d230fb\" data-element_type=\"widget\" data-widget_type=\"image.default\">\n\t\t\t\t\t\t\t\t\t\t\t\t\t\t\t<img decoding=\"async\" width=\"1024\" height=\"1024\" src=\"https:\/\/china5axiscncrouter.com\/wp-content\/uploads\/2025\/10\/Workshop-Production-Scene.jpg\" class=\"attachment-large size-large wp-image-296\" alt=\"5-Achsen-CNC-Fr\u00e4smaschine zu verkaufen\" srcset=\"https:\/\/china5axiscncrouter.com\/wp-content\/uploads\/2025\/10\/Workshop-Production-Scene.jpg 1024w, https:\/\/china5axiscncrouter.com\/wp-content\/uploads\/2025\/10\/Workshop-Production-Scene-300x300.jpg 300w, https:\/\/china5axiscncrouter.com\/wp-content\/uploads\/2025\/10\/Workshop-Production-Scene-150x150.jpg 150w, https:\/\/china5axiscncrouter.com\/wp-content\/uploads\/2025\/10\/Workshop-Production-Scene-768x768.jpg 768w, https:\/\/china5axiscncrouter.com\/wp-content\/uploads\/2025\/10\/Workshop-Production-Scene-12x12.jpg 12w\" sizes=\"(max-width: 1024px) 100vw, 1024px\" \/>\t\t\t\t\t\t\t\t\t\t\t\t\t\t\t<\/div>\n\t\t\t\t<\/div>\n\t\t<div class=\"elementor-element elementor-element-164e18d e-con-full e-flex e-con e-child\" data-id=\"164e18d\" data-element_type=\"container\" data-settings=\"{&quot;_ha_eqh_enable&quot;:false}\">\n\t\t\t\t<div class=\"elementor-element elementor-element-8da91e0 elementor-widget elementor-widget-heading\" data-id=\"8da91e0\" data-element_type=\"widget\" data-widget_type=\"heading.default\">\n\t\t\t\t\t<h2 class=\"elementor-heading-title elementor-size-default\">Unsere Mission<\/h2>\t\t\t\t<\/div>\n\t\t\t\t<div class=\"elementor-element elementor-element-d172f49 elementor-widget elementor-widget-text-editor\" data-id=\"d172f49\" data-element_type=\"widget\" data-widget_type=\"text-editor.default\">\n\t\t\t\t\t\t\t\t\t<p data-start=\"1785\" data-end=\"1888\">Unsere Mission ist es, Ihr <strong data-start=\"1815\" data-end=\"1871\">zuverl\u00e4ssiger Partner in der fortschrittlichen 5-Achsen-CNC-Fertigung<\/strong> durch die Bereitstellung von:<\/p><ul><li data-start=\"1891\" data-end=\"1925\"><strong data-start=\"1891\" data-end=\"1923\">Hochpr\u00e4zise CNC-L\u00f6sungen<\/strong><\/li><li data-start=\"1928\" data-end=\"1983\"><strong data-start=\"1928\" data-end=\"1981\">Zuverl\u00e4ssige Leistung und weltweiter technischer Support<\/strong><\/li><li data-start=\"1986\" data-end=\"2041\"><strong data-start=\"1986\" data-end=\"2039\">Ma\u00dfgeschneidertes Maschinendesign f\u00fcr spezifische Branchen<\/strong><\/li><\/ul>\t\t\t\t\t\t\t\t<\/div>\n\t\t\t\t<\/div>\n\t\t\t\t\t<\/div>\n\t\t\t\t<\/div>\n\t\t<div class=\"elementor-element elementor-element-b7d5a11 e-flex e-con-boxed e-con e-parent\" data-id=\"b7d5a11\" data-element_type=\"container\" data-settings=\"{&quot;_ha_eqh_enable&quot;:false}\">\n\t\t\t\t\t<div class=\"e-con-inner\">\n\t\t<div class=\"elementor-element elementor-element-97c4d8b e-con-full e-flex e-con e-child\" data-id=\"97c4d8b\" data-element_type=\"container\" data-settings=\"{&quot;_ha_eqh_enable&quot;:false}\">\n\t\t\t\t<div class=\"elementor-element elementor-element-9daa397 elementor-widget elementor-widget-heading\" data-id=\"9daa397\" data-element_type=\"widget\" data-widget_type=\"heading.default\">\n\t\t\t\t\t<h2 class=\"elementor-heading-title elementor-size-default\">Warum Uns W\u00e4hlen<\/h2>\t\t\t\t<\/div>\n\t\t\t\t<div class=\"elementor-element elementor-element-a807254 elementor-widget elementor-widget-text-editor\" data-id=\"a807254\" data-element_type=\"widget\" data-widget_type=\"text-editor.default\">\n\t\t\t\t\t\t\t\t\t<ul><li>\u00dcber 15 Jahre Erfahrung in der CNC-Fertigung<\/li><li>CE-, ISO- und SGS-zertifizierte Maschinen<\/li><li>Weltweiter Export in \u00fcber 80 L\u00e4nder<\/li><li>Technischer Online-Support rund um die Uhr<\/li><li>OEM- und ODM-Anpassungsservice verf\u00fcgbar<\/li><\/ul>\t\t\t\t\t\t\t\t<\/div>\n\t\t\t\t<\/div>\n\t\t<div class=\"elementor-element elementor-element-d442c3c e-con-full e-flex e-con e-child\" data-id=\"d442c3c\" data-element_type=\"container\" data-settings=\"{&quot;_ha_eqh_enable&quot;:false}\">\n\t\t\t\t<div class=\"elementor-element elementor-element-5bc1a04 elementor-widget elementor-widget-image\" data-id=\"5bc1a04\" data-element_type=\"widget\" data-widget_type=\"image.default\">\n\t\t\t\t\t\t\t\t\t\t\t\t\t\t\t<img loading=\"lazy\" decoding=\"async\" width=\"1024\" height=\"1024\" src=\"https:\/\/china5axiscncrouter.com\/wp-content\/uploads\/2025\/10\/Auto-Model-Machining.jpg\" class=\"attachment-large size-large wp-image-297\" alt=\"gro\u00dfer 5-Achsen-CNC-Fr\u00e4ser\" srcset=\"https:\/\/china5axiscncrouter.com\/wp-content\/uploads\/2025\/10\/Auto-Model-Machining.jpg 1024w, https:\/\/china5axiscncrouter.com\/wp-content\/uploads\/2025\/10\/Auto-Model-Machining-300x300.jpg 300w, https:\/\/china5axiscncrouter.com\/wp-content\/uploads\/2025\/10\/Auto-Model-Machining-150x150.jpg 150w, https:\/\/china5axiscncrouter.com\/wp-content\/uploads\/2025\/10\/Auto-Model-Machining-768x768.jpg 768w, https:\/\/china5axiscncrouter.com\/wp-content\/uploads\/2025\/10\/Auto-Model-Machining-12x12.jpg 12w\" sizes=\"(max-width: 1024px) 100vw, 1024px\" \/>\t\t\t\t\t\t\t\t\t\t\t\t\t\t\t<\/div>\n\t\t\t\t<\/div>\n\t\t\t\t\t<\/div>\n\t\t\t\t<\/div>\n\t\t<div class=\"elementor-element elementor-element-v5czr6g e-flex e-con-boxed e-con e-parent\" data-id=\"v5czr6g\" data-element_type=\"container\" data-settings=\"{&quot;background_background&quot;:&quot;classic&quot;,&quot;_ha_eqh_enable&quot;:false}\">\n\t\t\t\t\t<div class=\"e-con-inner\">\n\t\t<div class=\"elementor-element elementor-element-4579477 e-con-full e-flex e-con e-child\" data-id=\"4579477\" data-element_type=\"container\" data-settings=\"{&quot;_ha_eqh_enable&quot;:false}\">\n\t\t\t\t<div class=\"elementor-element elementor-element-5e07850 elementor-widget elementor-widget-heading\" data-id=\"5e07850\" data-element_type=\"widget\" data-widget_type=\"heading.default\">\n\t\t\t\t\t<h2 class=\"elementor-heading-title elementor-size-default\">Fordern Sie ein Angebot f\u00fcr Ihren 5-Achsen-CNC-Fr\u00e4ser an<\/h2>\t\t\t\t<\/div>\n\t\t\t\t<div class=\"elementor-element elementor-element-d85ddd8 elementor-widget elementor-widget-text-editor\" data-id=\"d85ddd8\" data-element_type=\"widget\" data-widget_type=\"text-editor.default\">\n\t\t\t\t\t\t\t\t\t<div class=\"elementor-element elementor-element-766f4712 elementor-widget elementor-widget-text-editor\" data-id=\"766f4712\" data-element_type=\"widget\" data-widget_type=\"text-editor.default\"><div class=\"elementor-widget-container\"><p><span style=\"color: #ffffff;\"><strong data-start=\"430\" data-end=\"492\">Suchen Sie nach einem hochpr\u00e4zisen 5-Achsen-CNC-Fr\u00e4ser aus China?<\/strong><\/span><br data-start=\"492\" data-end=\"495\" \/><span style=\"color: #ffffff;\">Bei <em data-start=\"498\" data-end=\"523\">China 5-Achsen-CNC-Fr\u00e4ser<\/em>, wir bieten ma\u00dfgeschneiderte CNC-Bearbeitungsl\u00f6sungen f\u00fcr die Luft- und Raumfahrt-, Automobil- und Verbundwerkstoffindustrie.<\/span><br data-start=\"623\" data-end=\"626\" \/><span style=\"color: #ffffff;\">Holen Sie sich noch heute eine kostenlose Expertenberatung und ein Angebot \u2013 keine Verpflichtungen, nur professionelle Beratung.<\/span><\/p><\/div><\/div>\t\t\t\t\t\t\t\t<\/div>\n\t\t\t\t<div class=\"elementor-element elementor-element-b9ad847 elementor-align-center elementor-widget elementor-widget-button\" data-id=\"b9ad847\" data-element_type=\"widget\" data-widget_type=\"button.default\">\n\t\t\t\t\t\t\t\t\t\t<a class=\"elementor-button elementor-button-link elementor-size-sm\" href=\"#elementor-action:action=popup:open&settings=eyJpZCI6Ijg1IiwidG9nZ2xlIjpmYWxzZX0=\">\n\t\t\t\t\t\t<span class=\"elementor-button-content-wrapper\">\n\t\t\t\t\t\t\t\t\t<span class=\"elementor-button-text\">KAUFEN <\/span>\n\t\t\t\t\t<\/span>\n\t\t\t\t\t<\/a>\n\t\t\t\t\t\t\t\t<\/div>\n\t\t\t\t<\/div>\n\t\t\t\t\t<\/div>\n\t\t\t\t<\/div>\n\t\t\t\t<\/div>","protected":false},"excerpt":{"rendered":"<p>\u00dcber uns | China 5-Achs-CNC-Fr\u00e4smaschinen F\u00fchrender Hersteller von 5-Achs-CNC-Fr\u00e4smaschinen in China Willkommen bei China 5 [\u2026]<\/p>","protected":false},"author":1,"featured_media":0,"parent":0,"menu_order":0,"comment_status":"closed","ping_status":"closed","template":"elementor_header_footer","meta":{"site-sidebar-layout":"no-sidebar","site-content-layout":"","ast-site-content-layout":"full-width-container","site-content-style":"default","site-sidebar-style":"default","ast-global-header-display":"","ast-banner-title-visibility":"","ast-main-header-display":"","ast-hfb-above-header-display":"","ast-hfb-below-header-display":"","ast-hfb-mobile-header-display":"","site-post-title":"","ast-breadcrumbs-content":"","ast-featured-img":"disabled","footer-sml-layout":"","theme-transparent-header-meta":"","adv-header-id-meta":"","stick-header-meta":"","header-above-stick-meta":"","header-main-stick-meta":"","header-below-stick-meta":"","astra-migrate-meta-layouts":"default","ast-page-background-enabled":"default","ast-page-background-meta":{"desktop":{"background-color":"var(--ast-global-color-5)","background-image":"","background-repeat":"repeat","background-position":"center center","background-size":"auto","background-attachment":"scroll","background-type":"","background-media":"","overlay-type":"","overlay-color":"","overlay-opacity":"","overlay-gradient":""},"tablet":{"background-color":"","background-image":"","background-repeat":"repeat","background-position":"center center","background-size":"auto","background-attachment":"scroll","background-type":"","background-media":"","overlay-type":"","overlay-color":"","overlay-opacity":"","overlay-gradient":""},"mobile":{"background-color":"","background-image":"","background-repeat":"repeat","background-position":"center center","background-size":"auto","background-attachment":"scroll","background-type":"","background-media":"","overlay-type":"","overlay-color":"","overlay-opacity":"","overlay-gradient":""}},"ast-content-background-meta":{"desktop":{"background-color":"var(--ast-global-color-4)","background-image":"","background-repeat":"repeat","background-position":"center center","background-size":"auto","background-attachment":"scroll","background-type":"","background-media":"","overlay-type":"","overlay-color":"","overlay-opacity":"","overlay-gradient":""},"tablet":{"background-color":"var(--ast-global-color-4)","background-image":"","background-repeat":"repeat","background-position":"center center","background-size":"auto","background-attachment":"scroll","background-type":"","background-media":"","overlay-type":"","overlay-color":"","overlay-opacity":"","overlay-gradient":""},"mobile":{"background-color":"var(--ast-global-color-4)","background-image":"","background-repeat":"repeat","background-position":"center center","background-size":"auto","background-attachment":"scroll","background-type":"","background-media":"","overlay-type":"","overlay-color":"","overlay-opacity":"","overlay-gradient":""}},"footnotes":""},"class_list":["post-7","page","type-page","status-publish","hentry"],"_links":{"self":[{"href":"https:\/\/china5axiscncrouter.com\/de\/wp-json\/wp\/v2\/pages\/7","targetHints":{"allow":["GET"]}}],"collection":[{"href":"https:\/\/china5axiscncrouter.com\/de\/wp-json\/wp\/v2\/pages"}],"about":[{"href":"https:\/\/china5axiscncrouter.com\/de\/wp-json\/wp\/v2\/types\/page"}],"author":[{"embeddable":true,"href":"https:\/\/china5axiscncrouter.com\/de\/wp-json\/wp\/v2\/users\/1"}],"replies":[{"embeddable":true,"href":"https:\/\/china5axiscncrouter.com\/de\/wp-json\/wp\/v2\/comments?post=7"}],"version-history":[{"count":5,"href":"https:\/\/china5axiscncrouter.com\/de\/wp-json\/wp\/v2\/pages\/7\/revisions"}],"predecessor-version":[{"id":1661,"href":"https:\/\/china5axiscncrouter.com\/de\/wp-json\/wp\/v2\/pages\/7\/revisions\/1661"}],"wp:attachment":[{"href":"https:\/\/china5axiscncrouter.com\/de\/wp-json\/wp\/v2\/media?parent=7"}],"curies":[{"name":"wp","href":"https:\/\/api.w.org\/{rel}","templated":true}]}}