{"id":7,"date":"2025-09-12T06:23:57","date_gmt":"2025-09-12T06:23:57","guid":{"rendered":"https:\/\/china5axiscncrouter.com\/?page_id=7"},"modified":"2026-04-08T06:59:17","modified_gmt":"2026-04-08T06:59:17","slug":"about","status":"publish","type":"page","link":"https:\/\/china5axiscncrouter.com\/fr\/about\/","title":{"rendered":"\u00c0 propos"},"content":{"rendered":"<div data-elementor-type=\"wp-post\" data-elementor-id=\"7\" class=\"elementor elementor-7\" data-elementor-settings=\"{&quot;ha_cmc_init_switcher&quot;:&quot;no&quot;}\" data-elementor-post-type=\"page\">\n\t\t\t\t<div class=\"elementor-element elementor-element-qw75prn e-flex e-con-boxed e-con e-parent\" data-id=\"qw75prn\" data-element_type=\"container\" data-settings=\"{&quot;background_background&quot;:&quot;classic&quot;,&quot;_ha_eqh_enable&quot;:false}\">\n\t\t\t\t\t<div class=\"e-con-inner\">\n\t\t<div class=\"elementor-element elementor-element-dd2a58a e-con-full e-flex e-con e-child\" data-id=\"dd2a58a\" data-element_type=\"container\" data-settings=\"{&quot;_ha_eqh_enable&quot;:false}\">\n\t\t\t\t<div class=\"elementor-element elementor-element-95f7e53 elementor-widget elementor-widget-heading\" data-id=\"95f7e53\" data-element_type=\"widget\" data-widget_type=\"heading.default\">\n\t\t\t\t\t<h1 class=\"elementor-heading-title elementor-size-default\">\u00c0 propos de nous | Routeur CNC 5 axes en Chine<\/h1>\t\t\t\t<\/div>\n\t\t<div class=\"elementor-element elementor-element-d6f7a5d e-con-full e-flex e-con e-child\" data-id=\"d6f7a5d\" data-element_type=\"container\" data-settings=\"{&quot;_ha_eqh_enable&quot;:false}\">\n\t\t\t\t<div class=\"elementor-element elementor-element-159b086 elementor-widget elementor-widget-heading\" data-id=\"159b086\" data-element_type=\"widget\" data-widget_type=\"heading.default\">\n\t\t\t\t\t<h2 class=\"elementor-heading-title elementor-size-default\">Fabricant leader de routeurs CNC 5 axes en Chine<\/h2>\t\t\t\t<\/div>\n\t\t\t\t<\/div>\n\t\t<div class=\"elementor-element elementor-element-50f250d e-con-full e-flex e-con e-child\" data-id=\"50f250d\" data-element_type=\"container\" data-settings=\"{&quot;_ha_eqh_enable&quot;:false}\">\n\t\t\t\t<div class=\"elementor-element elementor-element-247a90b elementor-widget elementor-widget-text-editor\" data-id=\"247a90b\" data-element_type=\"widget\" data-widget_type=\"text-editor.default\">\n\t\t\t\t\t\t\t\t\t<p data-start=\"410\" data-end=\"792\">Bienvenue \u00e0 <strong data-start=\"421\" data-end=\"448\">Routeur CNC 5 axes en Chine<\/strong>, une division de <strong data-start=\"464\" data-end=\"503\">Jinan Extra CNC Equipment Co., Ltd.<\/strong>, un fabricant professionnel de machines CNC avec plus de 15 ans d&#039;exp\u00e9rience dans la technologie d&#039;usinage de pr\u00e9cision.<br data-start=\"612\" data-end=\"615\" \/>Nous sommes sp\u00e9cialis\u00e9s dans la conception et la fabrication <strong data-start=\"660\" data-end=\"699\">routeurs CNC 5 axes hautes performances<\/strong> pour <strong data-start=\"704\" data-end=\"789\">industries a\u00e9rospatiales, automobiles, marines, de fabrication de moules, du travail du bois et des composites<\/strong>.<\/p>\t\t\t\t\t\t\t\t<\/div>\n\t\t\t\t<\/div>\n\t\t\t\t<\/div>\n\t\t\t\t\t<\/div>\n\t\t\t\t<\/div>\n\t\t<div class=\"elementor-element elementor-element-9p9d9l7 e-flex e-con-boxed e-con e-parent\" data-id=\"9p9d9l7\" data-element_type=\"container\" data-settings=\"{&quot;_ha_eqh_enable&quot;:false}\">\n\t\t\t\t\t<div class=\"e-con-inner\">\n\t\t<div class=\"elementor-element elementor-element-a2d8272 e-con-full e-flex e-con e-child\" data-id=\"a2d8272\" data-element_type=\"container\" data-settings=\"{&quot;_ha_eqh_enable&quot;:false}\">\n\t\t\t\t<div class=\"elementor-element elementor-element-8b8ba0f elementor-widget elementor-widget-image\" data-id=\"8b8ba0f\" data-element_type=\"widget\" data-widget_type=\"image.default\">\n\t\t\t\t\t\t\t\t\t\t\t\t\t\t\t<img fetchpriority=\"high\" decoding=\"async\" width=\"1024\" height=\"1024\" src=\"https:\/\/china5axiscncrouter.com\/wp-content\/uploads\/2025\/10\/5-Axis-Router-in-Workshop-1.png\" class=\"attachment-large size-large wp-image-290\" alt=\"\" srcset=\"https:\/\/china5axiscncrouter.com\/wp-content\/uploads\/2025\/10\/5-Axis-Router-in-Workshop-1.png 1024w, https:\/\/china5axiscncrouter.com\/wp-content\/uploads\/2025\/10\/5-Axis-Router-in-Workshop-1-300x300.png 300w, https:\/\/china5axiscncrouter.com\/wp-content\/uploads\/2025\/10\/5-Axis-Router-in-Workshop-1-150x150.png 150w, https:\/\/china5axiscncrouter.com\/wp-content\/uploads\/2025\/10\/5-Axis-Router-in-Workshop-1-768x768.png 768w, https:\/\/china5axiscncrouter.com\/wp-content\/uploads\/2025\/10\/5-Axis-Router-in-Workshop-1-12x12.png 12w\" sizes=\"(max-width: 1024px) 100vw, 1024px\" \/>\t\t\t\t\t\t\t\t\t\t\t\t\t\t\t<\/div>\n\t\t\t\t<\/div>\n\t\t<div class=\"elementor-element elementor-element-c75e9dd e-con-full e-flex e-con e-child\" data-id=\"c75e9dd\" data-element_type=\"container\" data-settings=\"{&quot;_ha_eqh_enable&quot;:false}\">\n\t\t\t\t<div class=\"elementor-element elementor-element-b9efede elementor-widget elementor-widget-heading\" data-id=\"b9efede\" data-element_type=\"widget\" data-widget_type=\"heading.default\">\n\t\t\t\t\t<h2 class=\"elementor-heading-title elementor-size-default\">Qui sommes-nous<\/h2>\t\t\t\t<\/div>\n\t\t\t\t<div class=\"elementor-element elementor-element-19c1dac elementor-widget elementor-widget-text-editor\" data-id=\"19c1dac\" data-element_type=\"widget\" data-widget_type=\"text-editor.default\">\n\t\t\t\t\t\t\t\t\t<p data-start=\"818\" data-end=\"1185\">Chez China 5 Axis CNC Router, nous nous engageons \u00e0 fournir <strong data-start=\"876\" data-end=\"927\">solutions d&#039;usinage CNC innovantes et fiables<\/strong> qui aident les fabricants mondiaux \u00e0 am\u00e9liorer leur efficacit\u00e9 et la qualit\u00e9 de leurs produits.<br data-start=\"998\" data-end=\"1001\" \/>Notre usine est situ\u00e9e \u00e0 Jinan, en Chine \u2014 le c\u0153ur de l&#039;industrie des machines CNC \u2014 \u00e9quip\u00e9e de lignes de production avanc\u00e9es, d&#039;ing\u00e9nieurs exp\u00e9riment\u00e9s et de syst\u00e8mes de contr\u00f4le qualit\u00e9 stricts.<\/p>\t\t\t\t\t\t\t\t<\/div>\n\t\t\t\t<\/div>\n\t\t\t\t\t<\/div>\n\t\t\t\t<\/div>\n\t\t<div class=\"elementor-element elementor-element-69f8066 e-flex e-con-boxed e-con e-parent\" data-id=\"69f8066\" data-element_type=\"container\" data-settings=\"{&quot;_ha_eqh_enable&quot;:false}\">\n\t\t\t\t\t<div class=\"e-con-inner\">\n\t\t<div class=\"elementor-element elementor-element-8c7aa28 e-con-full e-flex e-con e-child\" data-id=\"8c7aa28\" data-element_type=\"container\" data-settings=\"{&quot;_ha_eqh_enable&quot;:false}\">\n\t\t\t\t<div class=\"elementor-element elementor-element-17d78e0 elementor-widget elementor-widget-heading\" data-id=\"17d78e0\" data-element_type=\"widget\" data-widget_type=\"heading.default\">\n\t\t\t\t\t<h2 class=\"elementor-heading-title elementor-size-default\">Ce que nous faisons<\/h2>\t\t\t\t<\/div>\n\t\t\t\t<div class=\"elementor-element elementor-element-04295d3 elementor-widget elementor-widget-text-editor\" data-id=\"04295d3\" data-element_type=\"widget\" data-widget_type=\"text-editor.default\">\n\t\t\t\t\t\t\t\t\t<p data-start=\"1211\" data-end=\"1280\">Nous offrons une gamme compl\u00e8te de <strong data-start=\"1236\" data-end=\"1266\">Machines de routeur CNC \u00e0 5 axes<\/strong>, y compris:<\/p><ul><li><strong data-start=\"1283\" data-end=\"1316\">Routeur CNC 5 axes de type pont<\/strong> \u2013 id\u00e9al pour les grands composants a\u00e9rospatiaux et marins.<\/li><li><strong data-start=\"1372\" data-end=\"1405\">Routeur CNC 5 axes de type portique<\/strong> \u2013 con\u00e7u pour l\u2019usinage de pr\u00e9cision de moules et de pi\u00e8ces automobiles.<\/li><li><strong data-start=\"1469\" data-end=\"1501\">Routeur CNC 5 axes de type table<\/strong> \u2013 adapt\u00e9 aux applications industrielles compactes et de haute pr\u00e9cision.<\/li><\/ul><p data-start=\"1569\" data-end=\"1758\">Nos machines sont con\u00e7ues pour <strong data-start=\"1599\" data-end=\"1667\">haute pr\u00e9cision, finition de surface lisse et stabilit\u00e9 \u00e0 long terme<\/strong>, capable d&#039;usiner des alliages d&#039;aluminium, des fibres de carbone, du bois, de la mousse et des mat\u00e9riaux composites.<\/p>\t\t\t\t\t\t\t\t<\/div>\n\t\t\t\t<\/div>\n\t\t<div class=\"elementor-element elementor-element-51af7aa e-con-full e-flex e-con e-child\" data-id=\"51af7aa\" data-element_type=\"container\" data-settings=\"{&quot;_ha_eqh_enable&quot;:false}\">\n\t\t\t\t<div class=\"elementor-element elementor-element-9827df4 elementor-widget elementor-widget-image\" data-id=\"9827df4\" data-element_type=\"widget\" data-widget_type=\"image.default\">\n\t\t\t\t\t\t\t\t\t\t\t\t\t\t\t<img decoding=\"async\" width=\"1000\" height=\"1000\" src=\"https:\/\/china5axiscncrouter.com\/wp-content\/uploads\/2025\/10\/5-axis-Machining-workshop.jpg\" class=\"attachment-large size-large wp-image-292\" alt=\"Atelier d&#039;usinage 5 axes\" srcset=\"https:\/\/china5axiscncrouter.com\/wp-content\/uploads\/2025\/10\/5-axis-Machining-workshop.jpg 1000w, https:\/\/china5axiscncrouter.com\/wp-content\/uploads\/2025\/10\/5-axis-Machining-workshop-300x300.jpg 300w, https:\/\/china5axiscncrouter.com\/wp-content\/uploads\/2025\/10\/5-axis-Machining-workshop-150x150.jpg 150w, https:\/\/china5axiscncrouter.com\/wp-content\/uploads\/2025\/10\/5-axis-Machining-workshop-768x768.jpg 768w, https:\/\/china5axiscncrouter.com\/wp-content\/uploads\/2025\/10\/5-axis-Machining-workshop-12x12.jpg 12w\" sizes=\"(max-width: 1000px) 100vw, 1000px\" \/>\t\t\t\t\t\t\t\t\t\t\t\t\t\t\t<\/div>\n\t\t\t\t<\/div>\n\t\t\t\t\t<\/div>\n\t\t\t\t<\/div>\n\t\t<div class=\"elementor-element elementor-element-a26cfe7 e-flex e-con-boxed e-con e-parent\" data-id=\"a26cfe7\" data-element_type=\"container\" data-settings=\"{&quot;_ha_eqh_enable&quot;:false}\">\n\t\t\t\t\t<div class=\"e-con-inner\">\n\t\t<div class=\"elementor-element elementor-element-e0417bb e-con-full e-flex e-con e-child\" data-id=\"e0417bb\" data-element_type=\"container\" data-settings=\"{&quot;_ha_eqh_enable&quot;:false}\">\n\t\t\t\t<div class=\"elementor-element elementor-element-9d230fb elementor-widget elementor-widget-image\" data-id=\"9d230fb\" data-element_type=\"widget\" data-widget_type=\"image.default\">\n\t\t\t\t\t\t\t\t\t\t\t\t\t\t\t<img decoding=\"async\" width=\"1024\" height=\"1024\" src=\"https:\/\/china5axiscncrouter.com\/wp-content\/uploads\/2025\/10\/Workshop-Production-Scene.jpg\" class=\"attachment-large size-large wp-image-296\" alt=\"Machine de routeur CNC 5 axes \u00e0 vendre\" srcset=\"https:\/\/china5axiscncrouter.com\/wp-content\/uploads\/2025\/10\/Workshop-Production-Scene.jpg 1024w, https:\/\/china5axiscncrouter.com\/wp-content\/uploads\/2025\/10\/Workshop-Production-Scene-300x300.jpg 300w, https:\/\/china5axiscncrouter.com\/wp-content\/uploads\/2025\/10\/Workshop-Production-Scene-150x150.jpg 150w, https:\/\/china5axiscncrouter.com\/wp-content\/uploads\/2025\/10\/Workshop-Production-Scene-768x768.jpg 768w, https:\/\/china5axiscncrouter.com\/wp-content\/uploads\/2025\/10\/Workshop-Production-Scene-12x12.jpg 12w\" sizes=\"(max-width: 1024px) 100vw, 1024px\" \/>\t\t\t\t\t\t\t\t\t\t\t\t\t\t\t<\/div>\n\t\t\t\t<\/div>\n\t\t<div class=\"elementor-element elementor-element-164e18d e-con-full e-flex e-con e-child\" data-id=\"164e18d\" data-element_type=\"container\" data-settings=\"{&quot;_ha_eqh_enable&quot;:false}\">\n\t\t\t\t<div class=\"elementor-element elementor-element-8da91e0 elementor-widget elementor-widget-heading\" data-id=\"8da91e0\" data-element_type=\"widget\" data-widget_type=\"heading.default\">\n\t\t\t\t\t<h2 class=\"elementor-heading-title elementor-size-default\">Notre mission<\/h2>\t\t\t\t<\/div>\n\t\t\t\t<div class=\"elementor-element elementor-element-d172f49 elementor-widget elementor-widget-text-editor\" data-id=\"d172f49\" data-element_type=\"widget\" data-widget_type=\"text-editor.default\">\n\t\t\t\t\t\t\t\t\t<p data-start=\"1785\" data-end=\"1888\">Notre mission est de devenir votre <strong data-start=\"1815\" data-end=\"1871\">partenaire de confiance dans la fabrication CNC 5 axes avanc\u00e9e<\/strong> en livrant :<\/p><ul><li data-start=\"1891\" data-end=\"1925\"><strong data-start=\"1891\" data-end=\"1923\">Solutions CNC de haute pr\u00e9cision<\/strong><\/li><li data-start=\"1928\" data-end=\"1983\"><strong data-start=\"1928\" data-end=\"1981\">Des performances fiables et un support technique mondial<\/strong><\/li><li data-start=\"1986\" data-end=\"2041\"><strong data-start=\"1986\" data-end=\"2039\">Conception de machines personnalis\u00e9es pour des industries sp\u00e9cifiques<\/strong><\/li><\/ul>\t\t\t\t\t\t\t\t<\/div>\n\t\t\t\t<\/div>\n\t\t\t\t\t<\/div>\n\t\t\t\t<\/div>\n\t\t<div class=\"elementor-element elementor-element-b7d5a11 e-flex e-con-boxed e-con e-parent\" data-id=\"b7d5a11\" data-element_type=\"container\" data-settings=\"{&quot;_ha_eqh_enable&quot;:false}\">\n\t\t\t\t\t<div class=\"e-con-inner\">\n\t\t<div class=\"elementor-element elementor-element-97c4d8b e-con-full e-flex e-con e-child\" data-id=\"97c4d8b\" data-element_type=\"container\" data-settings=\"{&quot;_ha_eqh_enable&quot;:false}\">\n\t\t\t\t<div class=\"elementor-element elementor-element-9daa397 elementor-widget elementor-widget-heading\" data-id=\"9daa397\" data-element_type=\"widget\" data-widget_type=\"heading.default\">\n\t\t\t\t\t<h2 class=\"elementor-heading-title elementor-size-default\">Pourquoi nous choisir<\/h2>\t\t\t\t<\/div>\n\t\t\t\t<div class=\"elementor-element elementor-element-a807254 elementor-widget elementor-widget-text-editor\" data-id=\"a807254\" data-element_type=\"widget\" data-widget_type=\"text-editor.default\">\n\t\t\t\t\t\t\t\t\t<ul><li>Plus de 15 ans d&#039;exp\u00e9rience dans la fabrication CNC<\/li><li>Machines certifi\u00e9es CE, ISO et SGS<\/li><li>Exportation mondiale vers plus de 80 pays<\/li><li>Assistance technique en ligne 24h\/24 et 7j\/7<\/li><li>Service de personnalisation OEM et ODM disponible<\/li><\/ul>\t\t\t\t\t\t\t\t<\/div>\n\t\t\t\t<\/div>\n\t\t<div class=\"elementor-element elementor-element-d442c3c e-con-full e-flex e-con e-child\" data-id=\"d442c3c\" data-element_type=\"container\" data-settings=\"{&quot;_ha_eqh_enable&quot;:false}\">\n\t\t\t\t<div class=\"elementor-element elementor-element-5bc1a04 elementor-widget elementor-widget-image\" data-id=\"5bc1a04\" data-element_type=\"widget\" data-widget_type=\"image.default\">\n\t\t\t\t\t\t\t\t\t\t\t\t\t\t\t<img loading=\"lazy\" decoding=\"async\" width=\"1024\" height=\"1024\" src=\"https:\/\/china5axiscncrouter.com\/wp-content\/uploads\/2025\/10\/Auto-Model-Machining.jpg\" class=\"attachment-large size-large wp-image-297\" alt=\"grand routeur CNC 5 axes\" srcset=\"https:\/\/china5axiscncrouter.com\/wp-content\/uploads\/2025\/10\/Auto-Model-Machining.jpg 1024w, https:\/\/china5axiscncrouter.com\/wp-content\/uploads\/2025\/10\/Auto-Model-Machining-300x300.jpg 300w, https:\/\/china5axiscncrouter.com\/wp-content\/uploads\/2025\/10\/Auto-Model-Machining-150x150.jpg 150w, https:\/\/china5axiscncrouter.com\/wp-content\/uploads\/2025\/10\/Auto-Model-Machining-768x768.jpg 768w, https:\/\/china5axiscncrouter.com\/wp-content\/uploads\/2025\/10\/Auto-Model-Machining-12x12.jpg 12w\" sizes=\"(max-width: 1024px) 100vw, 1024px\" \/>\t\t\t\t\t\t\t\t\t\t\t\t\t\t\t<\/div>\n\t\t\t\t<\/div>\n\t\t\t\t\t<\/div>\n\t\t\t\t<\/div>\n\t\t<div class=\"elementor-element elementor-element-v5czr6g e-flex e-con-boxed e-con e-parent\" data-id=\"v5czr6g\" data-element_type=\"container\" data-settings=\"{&quot;background_background&quot;:&quot;classic&quot;,&quot;_ha_eqh_enable&quot;:false}\">\n\t\t\t\t\t<div class=\"e-con-inner\">\n\t\t<div class=\"elementor-element elementor-element-4579477 e-con-full e-flex e-con e-child\" data-id=\"4579477\" data-element_type=\"container\" data-settings=\"{&quot;_ha_eqh_enable&quot;:false}\">\n\t\t\t\t<div class=\"elementor-element elementor-element-5e07850 elementor-widget elementor-widget-heading\" data-id=\"5e07850\" data-element_type=\"widget\" data-widget_type=\"heading.default\">\n\t\t\t\t\t<h2 class=\"elementor-heading-title elementor-size-default\">Obtenez un devis pour votre routeur CNC 5 axes<\/h2>\t\t\t\t<\/div>\n\t\t\t\t<div class=\"elementor-element elementor-element-d85ddd8 elementor-widget elementor-widget-text-editor\" data-id=\"d85ddd8\" data-element_type=\"widget\" data-widget_type=\"text-editor.default\">\n\t\t\t\t\t\t\t\t\t<div class=\"elementor-element elementor-element-766f4712 elementor-widget elementor-widget-text-editor\" data-id=\"766f4712\" data-element_type=\"widget\" data-widget_type=\"text-editor.default\"><div class=\"elementor-widget-container\"><p><span style=\"color: #ffffff;\"><strong data-start=\"430\" data-end=\"492\">Vous recherchez un routeur CNC 5 axes de haute pr\u00e9cision en provenance de Chine\u00a0?<\/strong><\/span><br data-start=\"492\" data-end=\"495\" \/><span style=\"color: #ffffff;\">\u00c0 <em data-start=\"498\" data-end=\"523\">Routeur CNC 5 axes en Chine<\/em>, nous fournissons des solutions d&#039;usinage CNC personnalis\u00e9es pour les industries a\u00e9rospatiales, automobiles et composites.<\/span><br data-start=\"623\" data-end=\"626\" \/><span style=\"color: #ffffff;\">Obtenez une consultation d&#039;expert gratuite et un devis d\u00e8s aujourd&#039;hui \u2014 sans engagement, juste des conseils professionnels.<\/span><\/p><\/div><\/div>\t\t\t\t\t\t\t\t<\/div>\n\t\t\t\t<div class=\"elementor-element elementor-element-b9ad847 elementor-align-center elementor-widget elementor-widget-button\" data-id=\"b9ad847\" data-element_type=\"widget\" data-widget_type=\"button.default\">\n\t\t\t\t\t\t\t\t\t\t<a class=\"elementor-button elementor-button-link elementor-size-sm\" href=\"#elementor-action:action=popup:open&settings=eyJpZCI6Ijg1IiwidG9nZ2xlIjpmYWxzZX0=\">\n\t\t\t\t\t\t<span class=\"elementor-button-content-wrapper\">\n\t\t\t\t\t\t\t\t\t<span class=\"elementor-button-text\">ACHAT <\/span>\n\t\t\t\t\t<\/span>\n\t\t\t\t\t<\/a>\n\t\t\t\t\t\t\t\t<\/div>\n\t\t\t\t<\/div>\n\t\t\t\t\t<\/div>\n\t\t\t\t<\/div>\n\t\t\t\t<\/div>","protected":false},"excerpt":{"rendered":"<p>\u00c0 propos de nous | Routeur CNC 5 axes en Chine Premier fabricant de routeurs CNC 5 axes en Chine Bienvenue chez China 5 [\u2026]<\/p>","protected":false},"author":1,"featured_media":0,"parent":0,"menu_order":0,"comment_status":"closed","ping_status":"closed","template":"elementor_header_footer","meta":{"site-sidebar-layout":"no-sidebar","site-content-layout":"","ast-site-content-layout":"full-width-container","site-content-style":"default","site-sidebar-style":"default","ast-global-header-display":"","ast-banner-title-visibility":"","ast-main-header-display":"","ast-hfb-above-header-display":"","ast-hfb-below-header-display":"","ast-hfb-mobile-header-display":"","site-post-title":"","ast-breadcrumbs-content":"","ast-featured-img":"disabled","footer-sml-layout":"","theme-transparent-header-meta":"","adv-header-id-meta":"","stick-header-meta":"","header-above-stick-meta":"","header-main-stick-meta":"","header-below-stick-meta":"","astra-migrate-meta-layouts":"default","ast-page-background-enabled":"default","ast-page-background-meta":{"desktop":{"background-color":"var(--ast-global-color-5)","background-image":"","background-repeat":"repeat","background-position":"center center","background-size":"auto","background-attachment":"scroll","background-type":"","background-media":"","overlay-type":"","overlay-color":"","overlay-opacity":"","overlay-gradient":""},"tablet":{"background-color":"","background-image":"","background-repeat":"repeat","background-position":"center center","background-size":"auto","background-attachment":"scroll","background-type":"","background-media":"","overlay-type":"","overlay-color":"","overlay-opacity":"","overlay-gradient":""},"mobile":{"background-color":"","background-image":"","background-repeat":"repeat","background-position":"center center","background-size":"auto","background-attachment":"scroll","background-type":"","background-media":"","overlay-type":"","overlay-color":"","overlay-opacity":"","overlay-gradient":""}},"ast-content-background-meta":{"desktop":{"background-color":"var(--ast-global-color-4)","background-image":"","background-repeat":"repeat","background-position":"center center","background-size":"auto","background-attachment":"scroll","background-type":"","background-media":"","overlay-type":"","overlay-color":"","overlay-opacity":"","overlay-gradient":""},"tablet":{"background-color":"var(--ast-global-color-4)","background-image":"","background-repeat":"repeat","background-position":"center center","background-size":"auto","background-attachment":"scroll","background-type":"","background-media":"","overlay-type":"","overlay-color":"","overlay-opacity":"","overlay-gradient":""},"mobile":{"background-color":"var(--ast-global-color-4)","background-image":"","background-repeat":"repeat","background-position":"center center","background-size":"auto","background-attachment":"scroll","background-type":"","background-media":"","overlay-type":"","overlay-color":"","overlay-opacity":"","overlay-gradient":""}},"footnotes":""},"class_list":["post-7","page","type-page","status-publish","hentry"],"_links":{"self":[{"href":"https:\/\/china5axiscncrouter.com\/fr\/wp-json\/wp\/v2\/pages\/7","targetHints":{"allow":["GET"]}}],"collection":[{"href":"https:\/\/china5axiscncrouter.com\/fr\/wp-json\/wp\/v2\/pages"}],"about":[{"href":"https:\/\/china5axiscncrouter.com\/fr\/wp-json\/wp\/v2\/types\/page"}],"author":[{"embeddable":true,"href":"https:\/\/china5axiscncrouter.com\/fr\/wp-json\/wp\/v2\/users\/1"}],"replies":[{"embeddable":true,"href":"https:\/\/china5axiscncrouter.com\/fr\/wp-json\/wp\/v2\/comments?post=7"}],"version-history":[{"count":5,"href":"https:\/\/china5axiscncrouter.com\/fr\/wp-json\/wp\/v2\/pages\/7\/revisions"}],"predecessor-version":[{"id":1661,"href":"https:\/\/china5axiscncrouter.com\/fr\/wp-json\/wp\/v2\/pages\/7\/revisions\/1661"}],"wp:attachment":[{"href":"https:\/\/china5axiscncrouter.com\/fr\/wp-json\/wp\/v2\/media?parent=7"}],"curies":[{"name":"wp","href":"https:\/\/api.w.org\/{rel}","templated":true}]}}