{"id":7,"date":"2025-09-12T06:23:57","date_gmt":"2025-09-12T06:23:57","guid":{"rendered":"https:\/\/china5axiscncrouter.com\/?page_id=7"},"modified":"2026-04-08T06:59:17","modified_gmt":"2026-04-08T06:59:17","slug":"about","status":"publish","type":"page","link":"https:\/\/china5axiscncrouter.com\/tr\/about\/","title":{"rendered":"Hakk\u0131nda"},"content":{"rendered":"<div data-elementor-type=\"wp-post\" data-elementor-id=\"7\" class=\"elementor elementor-7\" data-elementor-settings=\"{&quot;ha_cmc_init_switcher&quot;:&quot;no&quot;}\" data-elementor-post-type=\"page\">\n\t\t\t\t<div class=\"elementor-element elementor-element-qw75prn e-flex e-con-boxed e-con e-parent\" data-id=\"qw75prn\" data-element_type=\"container\" data-settings=\"{&quot;background_background&quot;:&quot;classic&quot;,&quot;_ha_eqh_enable&quot;:false}\">\n\t\t\t\t\t<div class=\"e-con-inner\">\n\t\t<div class=\"elementor-element elementor-element-dd2a58a e-con-full e-flex e-con e-child\" data-id=\"dd2a58a\" data-element_type=\"container\" data-settings=\"{&quot;_ha_eqh_enable&quot;:false}\">\n\t\t\t\t<div class=\"elementor-element elementor-element-95f7e53 elementor-widget elementor-widget-heading\" data-id=\"95f7e53\" data-element_type=\"widget\" data-widget_type=\"heading.default\">\n\t\t\t\t\t<h1 class=\"elementor-heading-title elementor-size-default\">Hakk\u0131m\u0131zda | \u00c7in 5 Eksenli CNC Router<\/h1>\t\t\t\t<\/div>\n\t\t<div class=\"elementor-element elementor-element-d6f7a5d e-con-full e-flex e-con e-child\" data-id=\"d6f7a5d\" data-element_type=\"container\" data-settings=\"{&quot;_ha_eqh_enable&quot;:false}\">\n\t\t\t\t<div class=\"elementor-element elementor-element-159b086 elementor-widget elementor-widget-heading\" data-id=\"159b086\" data-element_type=\"widget\" data-widget_type=\"heading.default\">\n\t\t\t\t\t<h2 class=\"elementor-heading-title elementor-size-default\">\u00c7in&#039;in \u00d6nde Gelen 5 Eksenli CNC Router \u00dcreticisi<\/h2>\t\t\t\t<\/div>\n\t\t\t\t<\/div>\n\t\t<div class=\"elementor-element elementor-element-50f250d e-con-full e-flex e-con e-child\" data-id=\"50f250d\" data-element_type=\"container\" data-settings=\"{&quot;_ha_eqh_enable&quot;:false}\">\n\t\t\t\t<div class=\"elementor-element elementor-element-247a90b elementor-widget elementor-widget-text-editor\" data-id=\"247a90b\" data-element_type=\"widget\" data-widget_type=\"text-editor.default\">\n\t\t\t\t\t\t\t\t\t<p data-start=\"410\" data-end=\"792\">Ho\u015f geldiniz <strong data-start=\"421\" data-end=\"448\">\u00c7in 5 Eksenli CNC Router<\/strong>, bir b\u00f6l\u00fcm\u00fc <strong data-start=\"464\" data-end=\"503\">Jinan Ekstra CNC Ekipman Ltd. \u015eti.<\/strong>, hassas i\u015fleme teknolojisinde 15 y\u0131l\u0131 a\u015fk\u0131n deneyime sahip profesyonel bir CNC makine \u00fcreticisidir.<br data-start=\"612\" data-end=\"615\" \/>Tasar\u0131m ve \u00fcretim konusunda uzmanla\u015ft\u0131k <strong data-start=\"660\" data-end=\"699\">y\u00fcksek performansl\u0131 5 Eksenli CNC Y\u00f6nlendiriciler<\/strong> i\u00e7in <strong data-start=\"704\" data-end=\"789\">havac\u0131l\u0131k, otomotiv, denizcilik, kal\u0131p yap\u0131m\u0131, a\u011fa\u00e7 i\u015fleme ve kompozit end\u00fcstrileri<\/strong>.<\/p>\t\t\t\t\t\t\t\t<\/div>\n\t\t\t\t<\/div>\n\t\t\t\t<\/div>\n\t\t\t\t\t<\/div>\n\t\t\t\t<\/div>\n\t\t<div class=\"elementor-element elementor-element-9p9d9l7 e-flex e-con-boxed e-con e-parent\" data-id=\"9p9d9l7\" data-element_type=\"container\" data-settings=\"{&quot;_ha_eqh_enable&quot;:false}\">\n\t\t\t\t\t<div class=\"e-con-inner\">\n\t\t<div class=\"elementor-element elementor-element-a2d8272 e-con-full e-flex e-con e-child\" data-id=\"a2d8272\" data-element_type=\"container\" data-settings=\"{&quot;_ha_eqh_enable&quot;:false}\">\n\t\t\t\t<div class=\"elementor-element elementor-element-8b8ba0f elementor-widget elementor-widget-image\" data-id=\"8b8ba0f\" data-element_type=\"widget\" data-widget_type=\"image.default\">\n\t\t\t\t\t\t\t\t\t\t\t\t\t\t\t<img fetchpriority=\"high\" decoding=\"async\" width=\"1024\" height=\"1024\" src=\"https:\/\/china5axiscncrouter.com\/wp-content\/uploads\/2025\/10\/5-Axis-Router-in-Workshop-1.png\" class=\"attachment-large size-large wp-image-290\" alt=\"\" srcset=\"https:\/\/china5axiscncrouter.com\/wp-content\/uploads\/2025\/10\/5-Axis-Router-in-Workshop-1.png 1024w, https:\/\/china5axiscncrouter.com\/wp-content\/uploads\/2025\/10\/5-Axis-Router-in-Workshop-1-300x300.png 300w, https:\/\/china5axiscncrouter.com\/wp-content\/uploads\/2025\/10\/5-Axis-Router-in-Workshop-1-150x150.png 150w, https:\/\/china5axiscncrouter.com\/wp-content\/uploads\/2025\/10\/5-Axis-Router-in-Workshop-1-768x768.png 768w, https:\/\/china5axiscncrouter.com\/wp-content\/uploads\/2025\/10\/5-Axis-Router-in-Workshop-1-12x12.png 12w\" sizes=\"(max-width: 1024px) 100vw, 1024px\" \/>\t\t\t\t\t\t\t\t\t\t\t\t\t\t\t<\/div>\n\t\t\t\t<\/div>\n\t\t<div class=\"elementor-element elementor-element-c75e9dd e-con-full e-flex e-con e-child\" data-id=\"c75e9dd\" data-element_type=\"container\" data-settings=\"{&quot;_ha_eqh_enable&quot;:false}\">\n\t\t\t\t<div class=\"elementor-element elementor-element-b9efede elementor-widget elementor-widget-heading\" data-id=\"b9efede\" data-element_type=\"widget\" data-widget_type=\"heading.default\">\n\t\t\t\t\t<h2 class=\"elementor-heading-title elementor-size-default\">Biz Kimiz<\/h2>\t\t\t\t<\/div>\n\t\t\t\t<div class=\"elementor-element elementor-element-19c1dac elementor-widget elementor-widget-text-editor\" data-id=\"19c1dac\" data-element_type=\"widget\" data-widget_type=\"text-editor.default\">\n\t\t\t\t\t\t\t\t\t<p data-start=\"818\" data-end=\"1185\">China 5 Axis CNC Router&#039;da, sunmaya kendimizi adad\u0131k <strong data-start=\"876\" data-end=\"927\">yenilik\u00e7i ve g\u00fcvenilir CNC i\u015fleme \u00e7\u00f6z\u00fcmleri<\/strong> k\u00fcresel \u00fcreticilerin verimlili\u011fi ve \u00fcr\u00fcn kalitesini art\u0131rmalar\u0131na yard\u0131mc\u0131 olan.<br data-start=\"998\" data-end=\"1001\" \/>Fabrikam\u0131z, CNC makine sekt\u00f6r\u00fcn\u00fcn kalbi olan \u00c7in&#039;in Jinan kentinde yer almakta olup, geli\u015fmi\u015f \u00fcretim hatlar\u0131, deneyimli m\u00fchendisler ve s\u0131k\u0131 kalite kontrol sistemleri ile donat\u0131lm\u0131\u015ft\u0131r.<\/p>\t\t\t\t\t\t\t\t<\/div>\n\t\t\t\t<\/div>\n\t\t\t\t\t<\/div>\n\t\t\t\t<\/div>\n\t\t<div class=\"elementor-element elementor-element-69f8066 e-flex e-con-boxed e-con e-parent\" data-id=\"69f8066\" data-element_type=\"container\" data-settings=\"{&quot;_ha_eqh_enable&quot;:false}\">\n\t\t\t\t\t<div class=\"e-con-inner\">\n\t\t<div class=\"elementor-element elementor-element-8c7aa28 e-con-full e-flex e-con e-child\" data-id=\"8c7aa28\" data-element_type=\"container\" data-settings=\"{&quot;_ha_eqh_enable&quot;:false}\">\n\t\t\t\t<div class=\"elementor-element elementor-element-17d78e0 elementor-widget elementor-widget-heading\" data-id=\"17d78e0\" data-element_type=\"widget\" data-widget_type=\"heading.default\">\n\t\t\t\t\t<h2 class=\"elementor-heading-title elementor-size-default\">Ne Yap\u0131yoruz<\/h2>\t\t\t\t<\/div>\n\t\t\t\t<div class=\"elementor-element elementor-element-04295d3 elementor-widget elementor-widget-text-editor\" data-id=\"04295d3\" data-element_type=\"widget\" data-widget_type=\"text-editor.default\">\n\t\t\t\t\t\t\t\t\t<p data-start=\"1211\" data-end=\"1280\">Tam bir yelpazede \u00fcr\u00fcn sunuyoruz <strong data-start=\"1236\" data-end=\"1266\">5 Eksenli CNC Router Makineleri<\/strong>, i\u00e7ermek:<\/p><ul><li><strong data-start=\"1283\" data-end=\"1316\">K\u00f6pr\u00fc Tipi 5 Eksenli CNC Router<\/strong> \u2013 b\u00fcy\u00fck havac\u0131l\u0131k ve denizcilik bile\u015fenleri i\u00e7in idealdir.<\/li><li><strong data-start=\"1372\" data-end=\"1405\">Gantry Tipi 5 Eksenli CNC Freze<\/strong> \u2013 Hassas kal\u0131p ve otomotiv par\u00e7alar\u0131n\u0131n i\u015flenmesi i\u00e7in \u00fcretilmi\u015ftir.<\/li><li><strong data-start=\"1469\" data-end=\"1501\">Masa Tipi 5 Eksenli CNC Router<\/strong> \u2013 Kompakt, y\u00fcksek hassasiyetli end\u00fcstriyel uygulamalara uygundur.<\/li><\/ul><p data-start=\"1569\" data-end=\"1758\">Makinelerimiz a\u015fa\u011f\u0131daki ama\u00e7lar i\u00e7in tasarlanm\u0131\u015ft\u0131r: <strong data-start=\"1599\" data-end=\"1667\">y\u00fcksek do\u011fruluk, p\u00fcr\u00fczs\u00fcz y\u00fczey kalitesi ve uzun vadeli istikrar<\/strong>Al\u00fcminyum ala\u015f\u0131m\u0131, karbon fiber, ah\u015fap, k\u00f6p\u00fck ve kompozit malzemeleri i\u015fleme kapasitesine sahiptir.<\/p>\t\t\t\t\t\t\t\t<\/div>\n\t\t\t\t<\/div>\n\t\t<div class=\"elementor-element elementor-element-51af7aa e-con-full e-flex e-con e-child\" data-id=\"51af7aa\" data-element_type=\"container\" data-settings=\"{&quot;_ha_eqh_enable&quot;:false}\">\n\t\t\t\t<div class=\"elementor-element elementor-element-9827df4 elementor-widget elementor-widget-image\" data-id=\"9827df4\" data-element_type=\"widget\" data-widget_type=\"image.default\">\n\t\t\t\t\t\t\t\t\t\t\t\t\t\t\t<img decoding=\"async\" width=\"1000\" height=\"1000\" src=\"https:\/\/china5axiscncrouter.com\/wp-content\/uploads\/2025\/10\/5-axis-Machining-workshop.jpg\" class=\"attachment-large size-large wp-image-292\" alt=\"5 eksenli i\u015fleme at\u00f6lyesi\" srcset=\"https:\/\/china5axiscncrouter.com\/wp-content\/uploads\/2025\/10\/5-axis-Machining-workshop.jpg 1000w, https:\/\/china5axiscncrouter.com\/wp-content\/uploads\/2025\/10\/5-axis-Machining-workshop-300x300.jpg 300w, https:\/\/china5axiscncrouter.com\/wp-content\/uploads\/2025\/10\/5-axis-Machining-workshop-150x150.jpg 150w, https:\/\/china5axiscncrouter.com\/wp-content\/uploads\/2025\/10\/5-axis-Machining-workshop-768x768.jpg 768w, https:\/\/china5axiscncrouter.com\/wp-content\/uploads\/2025\/10\/5-axis-Machining-workshop-12x12.jpg 12w\" sizes=\"(max-width: 1000px) 100vw, 1000px\" \/>\t\t\t\t\t\t\t\t\t\t\t\t\t\t\t<\/div>\n\t\t\t\t<\/div>\n\t\t\t\t\t<\/div>\n\t\t\t\t<\/div>\n\t\t<div class=\"elementor-element elementor-element-a26cfe7 e-flex e-con-boxed e-con e-parent\" data-id=\"a26cfe7\" data-element_type=\"container\" data-settings=\"{&quot;_ha_eqh_enable&quot;:false}\">\n\t\t\t\t\t<div class=\"e-con-inner\">\n\t\t<div class=\"elementor-element elementor-element-e0417bb e-con-full e-flex e-con e-child\" data-id=\"e0417bb\" data-element_type=\"container\" data-settings=\"{&quot;_ha_eqh_enable&quot;:false}\">\n\t\t\t\t<div class=\"elementor-element elementor-element-9d230fb elementor-widget elementor-widget-image\" data-id=\"9d230fb\" data-element_type=\"widget\" data-widget_type=\"image.default\">\n\t\t\t\t\t\t\t\t\t\t\t\t\t\t\t<img decoding=\"async\" width=\"1024\" height=\"1024\" src=\"https:\/\/china5axiscncrouter.com\/wp-content\/uploads\/2025\/10\/Workshop-Production-Scene.jpg\" class=\"attachment-large size-large wp-image-296\" alt=\"Sat\u0131l\u0131k 5 eksenli CNC y\u00f6nlendirici makinesi\" srcset=\"https:\/\/china5axiscncrouter.com\/wp-content\/uploads\/2025\/10\/Workshop-Production-Scene.jpg 1024w, https:\/\/china5axiscncrouter.com\/wp-content\/uploads\/2025\/10\/Workshop-Production-Scene-300x300.jpg 300w, https:\/\/china5axiscncrouter.com\/wp-content\/uploads\/2025\/10\/Workshop-Production-Scene-150x150.jpg 150w, https:\/\/china5axiscncrouter.com\/wp-content\/uploads\/2025\/10\/Workshop-Production-Scene-768x768.jpg 768w, https:\/\/china5axiscncrouter.com\/wp-content\/uploads\/2025\/10\/Workshop-Production-Scene-12x12.jpg 12w\" sizes=\"(max-width: 1024px) 100vw, 1024px\" \/>\t\t\t\t\t\t\t\t\t\t\t\t\t\t\t<\/div>\n\t\t\t\t<\/div>\n\t\t<div class=\"elementor-element elementor-element-164e18d e-con-full e-flex e-con e-child\" data-id=\"164e18d\" data-element_type=\"container\" data-settings=\"{&quot;_ha_eqh_enable&quot;:false}\">\n\t\t\t\t<div class=\"elementor-element elementor-element-8da91e0 elementor-widget elementor-widget-heading\" data-id=\"8da91e0\" data-element_type=\"widget\" data-widget_type=\"heading.default\">\n\t\t\t\t\t<h2 class=\"elementor-heading-title elementor-size-default\">Misyonumuz<\/h2>\t\t\t\t<\/div>\n\t\t\t\t<div class=\"elementor-element elementor-element-d172f49 elementor-widget elementor-widget-text-editor\" data-id=\"d172f49\" data-element_type=\"widget\" data-widget_type=\"text-editor.default\">\n\t\t\t\t\t\t\t\t\t<p data-start=\"1785\" data-end=\"1888\">Misyonumuz sizin olmakt\u0131r <strong data-start=\"1815\" data-end=\"1871\">Geli\u015fmi\u015f 5 Eksenli CNC imalat\u0131nda g\u00fcvenilir ortak<\/strong> teslim ederek:<\/p><ul><li data-start=\"1891\" data-end=\"1925\"><strong data-start=\"1891\" data-end=\"1923\">Y\u00fcksek hassasiyetli CNC \u00e7\u00f6z\u00fcmleri<\/strong><\/li><li data-start=\"1928\" data-end=\"1983\"><strong data-start=\"1928\" data-end=\"1981\">G\u00fcvenilir performans ve k\u00fcresel teknik destek<\/strong><\/li><li data-start=\"1986\" data-end=\"2041\"><strong data-start=\"1986\" data-end=\"2039\">Belirli end\u00fcstriler i\u00e7in \u00f6zelle\u015ftirilmi\u015f makine tasar\u0131m\u0131<\/strong><\/li><\/ul>\t\t\t\t\t\t\t\t<\/div>\n\t\t\t\t<\/div>\n\t\t\t\t\t<\/div>\n\t\t\t\t<\/div>\n\t\t<div class=\"elementor-element elementor-element-b7d5a11 e-flex e-con-boxed e-con e-parent\" data-id=\"b7d5a11\" data-element_type=\"container\" data-settings=\"{&quot;_ha_eqh_enable&quot;:false}\">\n\t\t\t\t\t<div class=\"e-con-inner\">\n\t\t<div class=\"elementor-element elementor-element-97c4d8b e-con-full e-flex e-con e-child\" data-id=\"97c4d8b\" data-element_type=\"container\" data-settings=\"{&quot;_ha_eqh_enable&quot;:false}\">\n\t\t\t\t<div class=\"elementor-element elementor-element-9daa397 elementor-widget elementor-widget-heading\" data-id=\"9daa397\" data-element_type=\"widget\" data-widget_type=\"heading.default\">\n\t\t\t\t\t<h2 class=\"elementor-heading-title elementor-size-default\">Neden Bizi Se\u00e7melisiniz?<\/h2>\t\t\t\t<\/div>\n\t\t\t\t<div class=\"elementor-element elementor-element-a807254 elementor-widget elementor-widget-text-editor\" data-id=\"a807254\" data-element_type=\"widget\" data-widget_type=\"text-editor.default\">\n\t\t\t\t\t\t\t\t\t<ul><li>15+ Y\u0131ll\u0131k CNC \u00dcretim Deneyimi<\/li><li>CE, ISO ve SGS Sertifikal\u0131 Makineler<\/li><li>80&#039;den Fazla \u00dclkeye K\u00fcresel \u0130hracat<\/li><li>7\/24 \u00c7evrimi\u00e7i Teknik Destek<\/li><li>OEM ve ODM \u00d6zelle\u015ftirme Hizmeti Mevcuttur<\/li><\/ul>\t\t\t\t\t\t\t\t<\/div>\n\t\t\t\t<\/div>\n\t\t<div class=\"elementor-element elementor-element-d442c3c e-con-full e-flex e-con e-child\" data-id=\"d442c3c\" data-element_type=\"container\" data-settings=\"{&quot;_ha_eqh_enable&quot;:false}\">\n\t\t\t\t<div class=\"elementor-element elementor-element-5bc1a04 elementor-widget elementor-widget-image\" data-id=\"5bc1a04\" data-element_type=\"widget\" data-widget_type=\"image.default\">\n\t\t\t\t\t\t\t\t\t\t\t\t\t\t\t<img loading=\"lazy\" decoding=\"async\" width=\"1024\" height=\"1024\" src=\"https:\/\/china5axiscncrouter.com\/wp-content\/uploads\/2025\/10\/Auto-Model-Machining.jpg\" class=\"attachment-large size-large wp-image-297\" alt=\"b\u00fcy\u00fck 5 eksenli cnc y\u00f6nlendirici\" srcset=\"https:\/\/china5axiscncrouter.com\/wp-content\/uploads\/2025\/10\/Auto-Model-Machining.jpg 1024w, https:\/\/china5axiscncrouter.com\/wp-content\/uploads\/2025\/10\/Auto-Model-Machining-300x300.jpg 300w, https:\/\/china5axiscncrouter.com\/wp-content\/uploads\/2025\/10\/Auto-Model-Machining-150x150.jpg 150w, https:\/\/china5axiscncrouter.com\/wp-content\/uploads\/2025\/10\/Auto-Model-Machining-768x768.jpg 768w, https:\/\/china5axiscncrouter.com\/wp-content\/uploads\/2025\/10\/Auto-Model-Machining-12x12.jpg 12w\" sizes=\"(max-width: 1024px) 100vw, 1024px\" \/>\t\t\t\t\t\t\t\t\t\t\t\t\t\t\t<\/div>\n\t\t\t\t<\/div>\n\t\t\t\t\t<\/div>\n\t\t\t\t<\/div>\n\t\t<div class=\"elementor-element elementor-element-v5czr6g e-flex e-con-boxed e-con e-parent\" data-id=\"v5czr6g\" data-element_type=\"container\" data-settings=\"{&quot;background_background&quot;:&quot;classic&quot;,&quot;_ha_eqh_enable&quot;:false}\">\n\t\t\t\t\t<div class=\"e-con-inner\">\n\t\t<div class=\"elementor-element elementor-element-4579477 e-con-full e-flex e-con e-child\" data-id=\"4579477\" data-element_type=\"container\" data-settings=\"{&quot;_ha_eqh_enable&quot;:false}\">\n\t\t\t\t<div class=\"elementor-element elementor-element-5e07850 elementor-widget elementor-widget-heading\" data-id=\"5e07850\" data-element_type=\"widget\" data-widget_type=\"heading.default\">\n\t\t\t\t\t<h2 class=\"elementor-heading-title elementor-size-default\">5 Eksenli CNC Freze Makineniz i\u00e7in Teklif Al\u0131n<\/h2>\t\t\t\t<\/div>\n\t\t\t\t<div class=\"elementor-element elementor-element-d85ddd8 elementor-widget elementor-widget-text-editor\" data-id=\"d85ddd8\" data-element_type=\"widget\" data-widget_type=\"text-editor.default\">\n\t\t\t\t\t\t\t\t\t<div class=\"elementor-element elementor-element-766f4712 elementor-widget elementor-widget-text-editor\" data-id=\"766f4712\" data-element_type=\"widget\" data-widget_type=\"text-editor.default\"><div class=\"elementor-widget-container\"><p><span style=\"color: #ffffff;\"><strong data-start=\"430\" data-end=\"492\">\u00c7in&#039;den y\u00fcksek hassasiyetli 5 Eksenli CNC Router m\u0131 ar\u0131yorsunuz?<\/strong><\/span><br data-start=\"492\" data-end=\"495\" \/><span style=\"color: #ffffff;\">\u015eu anda <em data-start=\"498\" data-end=\"523\">\u00c7in 5 Eksenli CNC Router<\/em>Havac\u0131l\u0131k, otomotiv ve kompozit end\u00fcstrileri i\u00e7in \u00f6zelle\u015ftirilmi\u015f CNC i\u015fleme \u00e7\u00f6z\u00fcmleri sa\u011fl\u0131yoruz.<\/span><br data-start=\"623\" data-end=\"626\" \/><span style=\"color: #ffffff;\">Bug\u00fcn \u00fccretsiz uzman dan\u0131\u015fmanl\u0131\u011f\u0131 ve fiyat teklifi al\u0131n; hi\u00e7bir y\u00fck\u00fcml\u00fcl\u00fck yok, sadece profesyonel rehberlik.<\/span><\/p><\/div><\/div>\t\t\t\t\t\t\t\t<\/div>\n\t\t\t\t<div class=\"elementor-element elementor-element-b9ad847 elementor-align-center elementor-widget elementor-widget-button\" data-id=\"b9ad847\" data-element_type=\"widget\" data-widget_type=\"button.default\">\n\t\t\t\t\t\t\t\t\t\t<a class=\"elementor-button elementor-button-link elementor-size-sm\" href=\"#elementor-action:action=popup:open&settings=eyJpZCI6Ijg1IiwidG9nZ2xlIjpmYWxzZX0=\">\n\t\t\t\t\t\t<span class=\"elementor-button-content-wrapper\">\n\t\t\t\t\t\t\t\t\t<span class=\"elementor-button-text\">SATIN ALMAK <\/span>\n\t\t\t\t\t<\/span>\n\t\t\t\t\t<\/a>\n\t\t\t\t\t\t\t\t<\/div>\n\t\t\t\t<\/div>\n\t\t\t\t\t<\/div>\n\t\t\t\t<\/div>\n\t\t\t\t<\/div>","protected":false},"excerpt":{"rendered":"<p>Hakk\u0131m\u0131zda | \u00c7in 5 Eksenli CNC Router \u00c7in&#039;de Lider 5 Eksenli CNC Router \u00dcreticisi \u00c7in 5&#039;e Ho\u015f Geldiniz [\u2026]<\/p>","protected":false},"author":1,"featured_media":0,"parent":0,"menu_order":0,"comment_status":"closed","ping_status":"closed","template":"elementor_header_footer","meta":{"site-sidebar-layout":"no-sidebar","site-content-layout":"","ast-site-content-layout":"full-width-container","site-content-style":"default","site-sidebar-style":"default","ast-global-header-display":"","ast-banner-title-visibility":"","ast-main-header-display":"","ast-hfb-above-header-display":"","ast-hfb-below-header-display":"","ast-hfb-mobile-header-display":"","site-post-title":"","ast-breadcrumbs-content":"","ast-featured-img":"disabled","footer-sml-layout":"","theme-transparent-header-meta":"","adv-header-id-meta":"","stick-header-meta":"","header-above-stick-meta":"","header-main-stick-meta":"","header-below-stick-meta":"","astra-migrate-meta-layouts":"default","ast-page-background-enabled":"default","ast-page-background-meta":{"desktop":{"background-color":"var(--ast-global-color-5)","background-image":"","background-repeat":"repeat","background-position":"center center","background-size":"auto","background-attachment":"scroll","background-type":"","background-media":"","overlay-type":"","overlay-color":"","overlay-opacity":"","overlay-gradient":""},"tablet":{"background-color":"","background-image":"","background-repeat":"repeat","background-position":"center center","background-size":"auto","background-attachment":"scroll","background-type":"","background-media":"","overlay-type":"","overlay-color":"","overlay-opacity":"","overlay-gradient":""},"mobile":{"background-color":"","background-image":"","background-repeat":"repeat","background-position":"center center","background-size":"auto","background-attachment":"scroll","background-type":"","background-media":"","overlay-type":"","overlay-color":"","overlay-opacity":"","overlay-gradient":""}},"ast-content-background-meta":{"desktop":{"background-color":"var(--ast-global-color-4)","background-image":"","background-repeat":"repeat","background-position":"center center","background-size":"auto","background-attachment":"scroll","background-type":"","background-media":"","overlay-type":"","overlay-color":"","overlay-opacity":"","overlay-gradient":""},"tablet":{"background-color":"var(--ast-global-color-4)","background-image":"","background-repeat":"repeat","background-position":"center center","background-size":"auto","background-attachment":"scroll","background-type":"","background-media":"","overlay-type":"","overlay-color":"","overlay-opacity":"","overlay-gradient":""},"mobile":{"background-color":"var(--ast-global-color-4)","background-image":"","background-repeat":"repeat","background-position":"center center","background-size":"auto","background-attachment":"scroll","background-type":"","background-media":"","overlay-type":"","overlay-color":"","overlay-opacity":"","overlay-gradient":""}},"footnotes":""},"class_list":["post-7","page","type-page","status-publish","hentry"],"_links":{"self":[{"href":"https:\/\/china5axiscncrouter.com\/tr\/wp-json\/wp\/v2\/pages\/7","targetHints":{"allow":["GET"]}}],"collection":[{"href":"https:\/\/china5axiscncrouter.com\/tr\/wp-json\/wp\/v2\/pages"}],"about":[{"href":"https:\/\/china5axiscncrouter.com\/tr\/wp-json\/wp\/v2\/types\/page"}],"author":[{"embeddable":true,"href":"https:\/\/china5axiscncrouter.com\/tr\/wp-json\/wp\/v2\/users\/1"}],"replies":[{"embeddable":true,"href":"https:\/\/china5axiscncrouter.com\/tr\/wp-json\/wp\/v2\/comments?post=7"}],"version-history":[{"count":5,"href":"https:\/\/china5axiscncrouter.com\/tr\/wp-json\/wp\/v2\/pages\/7\/revisions"}],"predecessor-version":[{"id":1661,"href":"https:\/\/china5axiscncrouter.com\/tr\/wp-json\/wp\/v2\/pages\/7\/revisions\/1661"}],"wp:attachment":[{"href":"https:\/\/china5axiscncrouter.com\/tr\/wp-json\/wp\/v2\/media?parent=7"}],"curies":[{"name":"wp","href":"https:\/\/api.w.org\/{rel}","templated":true}]}}